{"id":7,"date":"2016-01-29T10:13:23","date_gmt":"2016-01-29T10:13:23","guid":{"rendered":"https:\/\/the7.io\/beauty-studio\/?page_id=7"},"modified":"2022-07-20T21:08:29","modified_gmt":"2022-07-20T21:08:29","slug":"mission","status":"publish","type":"page","link":"https:\/\/overboarder.com\/fr\/mission\/","title":{"rendered":"Mission"},"content":{"rendered":"<div class=\"wpb-content-wrapper\"><p>[vc_row][vc_column]<div id=\"ultimate-heading-293669e1ab85d6712\" class=\"uvc-heading ult-adjust-bottom-margin ultimate-heading-293669e1ab85d6712 uvc-2433 \" data-hspacer=\"no_spacer\"  data-halign=\"center\" style=\"text-align:center\"><div class=\"uvc-heading-spacer no_spacer\" style=\"top\"><\/div><div class=\"uvc-main-heading ult-responsive\"  data-ultimate-target='.uvc-heading.ultimate-heading-293669e1ab85d6712 h5'  data-responsive-json-new='{\"font-size\":\"desktop:50px;\",\"line-height\":\"desktop:50px;\"}' ><h5 style=\"font-weight:bold;margin-bottom:20px;\">La Mission<\/h5><\/div><\/div>[vc_column_text css=&#8221;.vc_custom_1658320439781{padding-bottom: 30px !important;}&#8221;]<\/p>\n<p style=\"text-align: center;\"><strong>Le recrutement universitaire n\u2019est pas un sprint, mais un vrai marathon. Nous vous accompagnons \u00e0 chaque \u00e9tape et irons d\u00e9crocher l\u2019universit\u00e9 qui correspond exactement \u00e0 vos souhaits.<\/strong><\/p>\n<p style=\"text-align: center;\"><strong>Nous sommes l\u00e0 pour vous aider.<\/strong><\/p>\n<p>[\/vc_column_text][\/vc_column][\/vc_row][vc_row][vc_column width=&#8221;1\/2&#8243;]<div id=\"ultimate-heading-521569e1ab85d6773\" class=\"uvc-heading ult-adjust-bottom-margin ultimate-heading-521569e1ab85d6773 uvc-4828  uvc-heading-default-font-sizes\" data-hspacer=\"no_spacer\"  data-halign=\"center\" style=\"text-align:center\"><div class=\"uvc-heading-spacer no_spacer\" style=\"top\"><\/div><div class=\"uvc-main-heading ult-responsive\"  data-ultimate-target='.uvc-heading.ultimate-heading-521569e1ab85d6773 h2'  data-responsive-json-new='{\"font-size\":\"\",\"line-height\":\"\"}' ><h2 style=\"font-weight:bold;\">Le Projet Sportif<\/h2><\/div><\/div>[vc_column_text css=&#8221;.vc_custom_1658319674510{padding-top: 30px !important;padding-bottom: 30px !important;}&#8221;]Chaque universit\u00e9 a un niveau sportif diff\u00e9rent. Souhaitez vous \u00eatre pouss\u00e9 dans vos retranchements? Souhaitez vous maximiser le temps de jeu? Dites nous tout![\/vc_column_text][\/vc_column][vc_column width=&#8221;1\/2&#8243;]<div id=\"ultimate-heading-969569e1ab85d67af\" class=\"uvc-heading ult-adjust-bottom-margin ultimate-heading-969569e1ab85d67af uvc-2733  uvc-heading-default-font-sizes\" data-hspacer=\"no_spacer\"  data-halign=\"center\" style=\"text-align:center\"><div class=\"uvc-heading-spacer no_spacer\" style=\"top\"><\/div><div class=\"uvc-main-heading ult-responsive\"  data-ultimate-target='.uvc-heading.ultimate-heading-969569e1ab85d67af h2'  data-responsive-json-new='{\"font-size\":\"\",\"line-height\":\"\"}' ><h2 style=\"--font-weight:theme;\">Le Projet Acad\u00e9mique<\/h2><\/div><\/div>[vc_column_text css=&#8221;.vc_custom_1658319749759{padding-top: 30px !important;padding-bottom: 30px !important;}&#8221;]Quelle est l\u2019importance des \u00e9tudes dans votre projet? Quelles orientations acad\u00e9miques vous int\u00e9ressent? Nous prenons tout en compte![\/vc_column_text][\/vc_column][\/vc_row][vc_row][vc_column width=&#8221;1\/2&#8243;]<div id=\"ultimate-heading-477169e1ab85d6898\" class=\"uvc-heading ult-adjust-bottom-margin ultimate-heading-477169e1ab85d6898 uvc-809  uvc-heading-default-font-sizes\" data-hspacer=\"no_spacer\"  data-halign=\"center\" style=\"text-align:center\"><div class=\"uvc-heading-spacer no_spacer\" style=\"top\"><\/div><div class=\"uvc-main-heading ult-responsive\"  data-ultimate-target='.uvc-heading.ultimate-heading-477169e1ab85d6898 h2'  data-responsive-json-new='{\"font-size\":\"\",\"line-height\":\"\"}' ><h2 style=\"--font-weight:theme;\">La Localisation<\/h2><\/div><\/div>[vc_column_text css=&#8221;.vc_custom_1658319997060{padding-top: 30px !important;padding-bottom: 30px !important;}&#8221;]Les U.S.A. sont un pays immense. Quel climat vous convient? Est-ce un crit\u00e8re? Nous dirigerons nos recherches suivant vos d\u00e9sideratas.[\/vc_column_text][\/vc_column][vc_column width=&#8221;1\/2&#8243;]<div id=\"ultimate-heading-874569e1ab85d68ce\" class=\"uvc-heading ult-adjust-bottom-margin ultimate-heading-874569e1ab85d68ce uvc-2871  uvc-heading-default-font-sizes\" data-hspacer=\"no_spacer\"  data-halign=\"center\" style=\"text-align:center\"><div class=\"uvc-heading-spacer no_spacer\" style=\"top\"><\/div><div class=\"uvc-main-heading ult-responsive\"  data-ultimate-target='.uvc-heading.ultimate-heading-874569e1ab85d68ce h2'  data-responsive-json-new='{\"font-size\":\"\",\"line-height\":\"\"}' ><h2 style=\"--font-weight:theme;\">Le Budget<\/h2><\/div><\/div>[vc_column_text css=&#8221;.vc_custom_1658320101992{padding-top: 30px !important;padding-bottom: 30px !important;}&#8221;]Une ann\u00e9e en universit\u00e9 aux U.S.A. peut co\u00fbter tr\u00e8s cher. Queles sont vos attentes financi\u00e8res? Que visez vous comme bourse? Nous travaillons pour minimiser votre budget![\/vc_column_text][\/vc_column][\/vc_row][vc_row css=&#8221;.vc_custom_1658321616850{padding-top: 50px !important;}&#8221;][vc_column]<div id=\"ultimate-heading-364169e1ab85d6907\" class=\"uvc-heading ult-adjust-bottom-margin ultimate-heading-364169e1ab85d6907 uvc-273 \" data-hspacer=\"no_spacer\"  data-halign=\"center\" style=\"text-align:center\"><div class=\"uvc-heading-spacer no_spacer\" style=\"top\"><\/div><div class=\"uvc-main-heading ult-responsive\"  data-ultimate-target='.uvc-heading.ultimate-heading-364169e1ab85d6907 h5'  data-responsive-json-new='{\"font-size\":\"desktop:50px;\",\"line-height\":\"desktop:50px;\"}' ><h5 style=\"font-weight:bold;\">La Combinaison Sport-Etudes<\/h5><\/div><\/div>[\/vc_column][\/vc_row][vc_row css=&#8221;.vc_custom_1658321580236{padding-top: 30px !important;padding-bottom: 30px !important;}&#8221;][vc_column width=&#8221;1\/3&#8243;][vc_single_image image=&#8221;3148&#8243; img_size=&#8221;large&#8221;][vc_column_text css=&#8221;.vc_custom_1658321539482{padding-top: 30px !important;padding-bottom: 30px !important;}&#8221;]<\/p>\n<p style=\"text-align: center;\">Un programme hebdomadaire de 20 heures consacr\u00e9s au sport (sur et en dehors de la piste), en plus des comp\u00e9titions par \u00e9quipe.<\/p>\n<p>[\/vc_column_text][\/vc_column][vc_column width=&#8221;1\/3&#8243;][vc_single_image image=&#8221;3152&#8243; img_size=&#8221;large&#8221;][vc_column_text css=&#8221;.vc_custom_1658321565717{padding-top: 30px !important;padding-bottom: 30px !important;}&#8221;]<\/p>\n<p style=\"text-align: center;\">Entre 12 et 18 heures de cours hebdomadaires, auxquelles il faut ajouter une dizaine d\u2019heures de pr\u00e9paration et r\u00e9vision \u00e0 domicile.<\/p>\n<p>[\/vc_column_text][\/vc_column][vc_column width=&#8221;1\/3&#8243;][vc_single_image image=&#8221;3236&#8243; img_size=&#8221;375&#215;248&#8243;][vc_column_text css=&#8221;.vc_custom_1658321572934{padding-top: 30px !important;padding-bottom: 30px !important;}&#8221;]<\/p>\n<p style=\"text-align: center;\">Pas de temps perdu dans les d\u00e9placements domicile-\u00e9cole-sport, toutes les infrastructures se trouvent sur le campus.<\/p>\n<p>[\/vc_column_text][\/vc_column][\/vc_row][vc_row bg_type=&#8221;bg_color&#8221; bg_override=&#8221;ex-full&#8221; type=&#8221;vc_default&#8221; css=&#8221;.vc_custom_1498212491956{padding-top: 60px !important;padding-bottom: 70px !important;}&#8221; bg_color_value=&#8221;#f5f5f5&#8243;][vc_column]<div id=\"ultimate-heading-690969e1ab85d6946\" class=\"uvc-heading ult-adjust-bottom-margin ultimate-heading-690969e1ab85d6946 uvc-253 color-title accent-title-color\" data-hspacer=\"no_spacer\"  data-halign=\"center\" style=\"text-align:center\"><div class=\"uvc-heading-spacer no_spacer\" style=\"top\"><\/div><div class=\"uvc-main-heading ult-responsive\"  data-ultimate-target='.uvc-heading.ultimate-heading-690969e1ab85d6946 h2'  data-responsive-json-new='{\"font-size\":\"desktop:40px;tablet_portrait:20px;\",\"line-height\":\"desktop:46px;tablet_portrait:26px;\"}' ><h2 style=\"font-family:&#039;Open Sans Condensed&#039;;font-weight:700;margin-bottom:10px;\">Contactez nous aujourd'hui pour<\/h2><\/div><div class=\"uvc-sub-heading ult-responsive\"  data-ultimate-target='.uvc-heading.ultimate-heading-690969e1ab85d6946 .uvc-sub-heading '  data-responsive-json-new='{\"font-size\":\"desktop:70px;tablet_portrait:40px;\",\"line-height\":\"desktop:76px;tablet_portrait:46px;\"}'  style=\"font-family:&#039;Open Sans Condensed&#039;;font-weight:700;\">UNE CONSULTATION GRATUITE<\/div><\/div><style type=\"text\/css\" data-type=\"the7_shortcodes-inline-css\">#default-btn-3b7405cfe2c5c71777e9dcbee0c7e73e.ico-right-side > i {\n  margin-right: 0px;\n  margin-left: 8px;\n}\n#default-btn-3b7405cfe2c5c71777e9dcbee0c7e73e > i {\n  margin-right: 8px;\n}\n<\/style><div class=\"btn-align-center\"><a href=\"https:\/\/www.overboarder.com\/fr\/contact\/\" class=\"default-btn-shortcode dt-btn dt-btn-l link-hover-off  vc_custom_1560629611256\" id=\"default-btn-3b7405cfe2c5c71777e9dcbee0c7e73e\" style=\"width:400px;\"><span>CONTACT<\/span><\/a><\/div>[\/vc_column][\/vc_row]<\/p>\n<\/div>","protected":false},"excerpt":{"rendered":"<p>[vc_row][vc_column][vc_column_text css=&#8221;.vc_custom_1658320439781{padding-bottom: 30px !important;}&#8221;] Le recrutement universitaire n\u2019est pas un sprint, mais un vrai marathon. Nous vous accompagnons \u00e0 chaque \u00e9tape et irons d\u00e9crocher l\u2019universit\u00e9 qui correspond exactement \u00e0 vos souhaits. Nous sommes l\u00e0 pour vous aider. [\/vc_column_text][\/vc_column][\/vc_row][vc_row][vc_column width=&#8221;1\/2&#8243;][vc_column_text css=&#8221;.vc_custom_1658319674510{padding-top: 30px !important;padding-bottom: 30px !important;}&#8221;]Chaque universit\u00e9 a un niveau sportif diff\u00e9rent. Souhaitez vous \u00eatre pouss\u00e9 dans&hellip;<\/p>\n","protected":false},"author":1,"featured_media":0,"parent":0,"menu_order":300,"comment_status":"closed","ping_status":"closed","template":"","meta":{"footnotes":""},"class_list":["post-7","page","type-page","status-publish","hentry","description-off"],"yoast_head":"<!-- This site is optimized with the Yoast SEO plugin v21.5 - https:\/\/yoast.com\/wordpress\/plugins\/seo\/ -->\n<title>Mission - OverBoarder - Sports and Studies and Scholarships in the USA<\/title>\n<meta name=\"description\" content=\"Le recrutement universitaire n\u2019est pas un sprint, mais un vrai marathon. Nous vous accompagnons \u00e0 chaque \u00e9tape et irons d\u00e9crocher l\u2019universit\u00e9 qui\" \/>\n<meta name=\"robots\" content=\"index, follow, max-snippet:-1, max-image-preview:large, max-video-preview:-1\" \/>\n<link rel=\"canonical\" href=\"https:\/\/overboarder.com\/fr\/mission\/\" \/>\n<meta property=\"og:locale\" content=\"en_US\" \/>\n<meta property=\"og:type\" content=\"article\" \/>\n<meta property=\"og:title\" content=\"Mission - OverBoarder - Sports and Studies and Scholarships in the USA\" \/>\n<meta property=\"og:description\" content=\"Le recrutement universitaire n\u2019est pas un sprint, mais un vrai marathon. Nous vous accompagnons \u00e0 chaque \u00e9tape et irons d\u00e9crocher l\u2019universit\u00e9 qui\" \/>\n<meta property=\"og:url\" content=\"https:\/\/overboarder.com\/fr\/mission\/\" \/>\n<meta property=\"og:site_name\" content=\"OverBoarder - Sports and Studies and Scholarships in the USA\" \/>\n<meta property=\"article:modified_time\" content=\"2022-07-20T21:08:29+00:00\" \/>\n<meta name=\"twitter:card\" content=\"summary_large_image\" \/>\n<meta name=\"twitter:label1\" content=\"Est. reading time\" \/>\n\t<meta name=\"twitter:data1\" content=\"2 minutes\" \/>\n<script type=\"application\/ld+json\" class=\"yoast-schema-graph\">{\"@context\":\"https:\/\/schema.org\",\"@graph\":[{\"@type\":\"WebPage\",\"@id\":\"https:\/\/overboarder.com\/fr\/mission\/\",\"url\":\"https:\/\/overboarder.com\/fr\/mission\/\",\"name\":\"Mission - OverBoarder - Sports and Studies and Scholarships in the USA\",\"isPartOf\":{\"@id\":\"https:\/\/overboarder.com\/fr\/#website\"},\"datePublished\":\"2016-01-29T10:13:23+00:00\",\"dateModified\":\"2022-07-20T21:08:29+00:00\",\"description\":\"Le recrutement universitaire n\u2019est pas un sprint, mais un vrai marathon. Nous vous accompagnons \u00e0 chaque \u00e9tape et irons d\u00e9crocher l\u2019universit\u00e9 qui\",\"breadcrumb\":{\"@id\":\"https:\/\/overboarder.com\/fr\/mission\/#breadcrumb\"},\"inLanguage\":\"en-US\",\"potentialAction\":[{\"@type\":\"ReadAction\",\"target\":[\"https:\/\/overboarder.com\/fr\/mission\/\"]}]},{\"@type\":\"BreadcrumbList\",\"@id\":\"https:\/\/overboarder.com\/fr\/mission\/#breadcrumb\",\"itemListElement\":[{\"@type\":\"ListItem\",\"position\":1,\"name\":\"Home\",\"item\":\"https:\/\/overboarder.com\/fr\/\"},{\"@type\":\"ListItem\",\"position\":2,\"name\":\"Mission\"}]},{\"@type\":\"WebSite\",\"@id\":\"https:\/\/overboarder.com\/fr\/#website\",\"url\":\"https:\/\/overboarder.com\/fr\/\",\"name\":\"OverBoarder - Sports and Studies and Scholarships in the USA\",\"description\":\"OverBoarder - Sports and Studies and Scholarships in the USA\",\"publisher\":{\"@id\":\"https:\/\/overboarder.com\/fr\/#organization\"},\"potentialAction\":[{\"@type\":\"SearchAction\",\"target\":{\"@type\":\"EntryPoint\",\"urlTemplate\":\"https:\/\/overboarder.com\/fr\/?s={search_term_string}\"},\"query-input\":\"required name=search_term_string\"}],\"inLanguage\":\"en-US\"},{\"@type\":\"Organization\",\"@id\":\"https:\/\/overboarder.com\/fr\/#organization\",\"name\":\"Overboarder\",\"url\":\"https:\/\/overboarder.com\/fr\/\",\"logo\":{\"@type\":\"ImageObject\",\"inLanguage\":\"en-US\",\"@id\":\"https:\/\/overboarder.com\/fr\/#\/schema\/logo\/image\/\",\"url\":\"https:\/\/overboarder.com\/fr\/wp-content\/uploads\/2019\/05\/logo-overboarder-usa.png\",\"contentUrl\":\"https:\/\/overboarder.com\/fr\/wp-content\/uploads\/2019\/05\/logo-overboarder-usa.png\",\"width\":180,\"height\":62,\"caption\":\"Overboarder\"},\"image\":{\"@id\":\"https:\/\/overboarder.com\/fr\/#\/schema\/logo\/image\/\"}}]}<\/script>\n<!-- \/ Yoast SEO plugin. -->","yoast_head_json":{"title":"Mission - OverBoarder - Sports and Studies and Scholarships in the USA","description":"Le recrutement universitaire n\u2019est pas un sprint, mais un vrai marathon. Nous vous accompagnons \u00e0 chaque \u00e9tape et irons d\u00e9crocher l\u2019universit\u00e9 qui","robots":{"index":"index","follow":"follow","max-snippet":"max-snippet:-1","max-image-preview":"max-image-preview:large","max-video-preview":"max-video-preview:-1"},"canonical":"https:\/\/overboarder.com\/fr\/mission\/","og_locale":"en_US","og_type":"article","og_title":"Mission - OverBoarder - Sports and Studies and Scholarships in the USA","og_description":"Le recrutement universitaire n\u2019est pas un sprint, mais un vrai marathon. Nous vous accompagnons \u00e0 chaque \u00e9tape et irons d\u00e9crocher l\u2019universit\u00e9 qui","og_url":"https:\/\/overboarder.com\/fr\/mission\/","og_site_name":"OverBoarder - Sports and Studies and Scholarships in the USA","article_modified_time":"2022-07-20T21:08:29+00:00","twitter_card":"summary_large_image","twitter_misc":{"Est. reading time":"2 minutes"},"schema":{"@context":"https:\/\/schema.org","@graph":[{"@type":"WebPage","@id":"https:\/\/overboarder.com\/fr\/mission\/","url":"https:\/\/overboarder.com\/fr\/mission\/","name":"Mission - OverBoarder - Sports and Studies and Scholarships in the USA","isPartOf":{"@id":"https:\/\/overboarder.com\/fr\/#website"},"datePublished":"2016-01-29T10:13:23+00:00","dateModified":"2022-07-20T21:08:29+00:00","description":"Le recrutement universitaire n\u2019est pas un sprint, mais un vrai marathon. Nous vous accompagnons \u00e0 chaque \u00e9tape et irons d\u00e9crocher l\u2019universit\u00e9 qui","breadcrumb":{"@id":"https:\/\/overboarder.com\/fr\/mission\/#breadcrumb"},"inLanguage":"en-US","potentialAction":[{"@type":"ReadAction","target":["https:\/\/overboarder.com\/fr\/mission\/"]}]},{"@type":"BreadcrumbList","@id":"https:\/\/overboarder.com\/fr\/mission\/#breadcrumb","itemListElement":[{"@type":"ListItem","position":1,"name":"Home","item":"https:\/\/overboarder.com\/fr\/"},{"@type":"ListItem","position":2,"name":"Mission"}]},{"@type":"WebSite","@id":"https:\/\/overboarder.com\/fr\/#website","url":"https:\/\/overboarder.com\/fr\/","name":"OverBoarder - Sports and Studies and Scholarships in the USA","description":"OverBoarder - Sports and Studies and Scholarships in the USA","publisher":{"@id":"https:\/\/overboarder.com\/fr\/#organization"},"potentialAction":[{"@type":"SearchAction","target":{"@type":"EntryPoint","urlTemplate":"https:\/\/overboarder.com\/fr\/?s={search_term_string}"},"query-input":"required name=search_term_string"}],"inLanguage":"en-US"},{"@type":"Organization","@id":"https:\/\/overboarder.com\/fr\/#organization","name":"Overboarder","url":"https:\/\/overboarder.com\/fr\/","logo":{"@type":"ImageObject","inLanguage":"en-US","@id":"https:\/\/overboarder.com\/fr\/#\/schema\/logo\/image\/","url":"https:\/\/overboarder.com\/fr\/wp-content\/uploads\/2019\/05\/logo-overboarder-usa.png","contentUrl":"https:\/\/overboarder.com\/fr\/wp-content\/uploads\/2019\/05\/logo-overboarder-usa.png","width":180,"height":62,"caption":"Overboarder"},"image":{"@id":"https:\/\/overboarder.com\/fr\/#\/schema\/logo\/image\/"}}]}},"_links":{"self":[{"href":"https:\/\/overboarder.com\/fr\/wp-json\/wp\/v2\/pages\/7","targetHints":{"allow":["GET"]}}],"collection":[{"href":"https:\/\/overboarder.com\/fr\/wp-json\/wp\/v2\/pages"}],"about":[{"href":"https:\/\/overboarder.com\/fr\/wp-json\/wp\/v2\/types\/page"}],"author":[{"embeddable":true,"href":"https:\/\/overboarder.com\/fr\/wp-json\/wp\/v2\/users\/1"}],"replies":[{"embeddable":true,"href":"https:\/\/overboarder.com\/fr\/wp-json\/wp\/v2\/comments?post=7"}],"version-history":[{"count":0,"href":"https:\/\/overboarder.com\/fr\/wp-json\/wp\/v2\/pages\/7\/revisions"}],"wp:attachment":[{"href":"https:\/\/overboarder.com\/fr\/wp-json\/wp\/v2\/media?parent=7"}],"curies":[{"name":"wp","href":"https:\/\/api.w.org\/{rel}","templated":true}]}}