{"id":408,"date":"2016-01-30T21:56:24","date_gmt":"2016-01-30T21:56:24","guid":{"rendered":"https:\/\/the7.io\/beauty-studio\/?page_id=408"},"modified":"2022-07-20T09:24:07","modified_gmt":"2022-07-20T09:24:07","slug":"les-etapes","status":"publish","type":"page","link":"https:\/\/overboarder.com\/fr\/mission\/les-etapes\/","title":{"rendered":"Les Etapes"},"content":{"rendered":"<div class=\"wpb-content-wrapper\"><p>[vc_row type=&#8221;vc_default&#8221;][vc_column css=&#8221;.vc_custom_1498229431694{padding-bottom: 50px !important;}&#8221;]<div id=\"ultimate-heading-249869e8cc5d9a42f\" class=\"uvc-heading ult-adjust-bottom-margin ultimate-heading-249869e8cc5d9a42f uvc-5833 \" data-hspacer=\"no_spacer\"  data-halign=\"left\" style=\"text-align:left\"><div class=\"uvc-heading-spacer no_spacer\" style=\"top\"><\/div><div class=\"uvc-main-heading ult-responsive\"  data-ultimate-target='.uvc-heading.ultimate-heading-249869e8cc5d9a42f h2'  data-responsive-json-new='{\"font-size\":\"desktop:26px;\",\"line-height\":\"desktop:32px;\"}' ><h2 style=\"font-weight:bold;margin-bottom:20px;\">Notre Service<\/h2><\/div><\/div>[vc_column_text]OverBoarder se positionne comme une des agences les plus efficaces en Europe afin de partir \u00e9tudier aux USA. Chaque sportif est accompagn\u00e9 de A \u00e0 Z, suivant ses pr\u00e9f\u00e9rences. Nous contactons toutes les universit\u00e9s aux USA sans exception, dans le but de conna\u00eetre toutes les possibilit\u00e9s de bourse dans des universit\u00e9s \u00e0 reconnaissance internationale, correspondant \u00e0 votre profil.<br \/>\nSelon vos d\u00e9sid\u00e9ratas, nous vous proposerons de nombreux \u00e9tablissements scolaires qui vous offriront la possibilit\u00e9 d\u2019obtenir un dipl\u00f4me reconnu partout dans le monde, tout en continuant \u00e0 pratiquer votre sport \u00e0 un tr\u00e8s haut niveau.<br \/>\nLe choix de la destination finale vous appartient totalement ![\/vc_column_text][\/vc_column][vc_column css=&#8221;.vc_custom_1498229445232{padding-bottom: 50px !important;}&#8221;]<div id=\"ultimate-heading-990869e8cc5d9a4bb\" class=\"uvc-heading ult-adjust-bottom-margin ultimate-heading-990869e8cc5d9a4bb uvc-6742 \" data-hspacer=\"no_spacer\"  data-halign=\"left\" style=\"text-align:left\"><div class=\"uvc-heading-spacer no_spacer\" style=\"top\"><\/div><div class=\"uvc-main-heading ult-responsive\"  data-ultimate-target='.uvc-heading.ultimate-heading-990869e8cc5d9a4bb h2'  data-responsive-json-new='{\"font-size\":\"desktop:26px;\",\"line-height\":\"desktop:32px;\"}' ><h2 style=\"font-weight:bold;margin-bottom:20px;\">Les Etapes<\/h2><\/div><\/div><div class=\"smile_icon_list_wrap ult_info_list_container ult-adjust-bottom-margin   vc_custom_1658308856592\"><ul class=\"smile_icon_list left hexagon\"><li class=\"icon_list_item\" style=\" font-size:60px;\"><div class=\"icon_list_icon\" data-animation=\"\" data-animation-delay=\"03\" style=\"font-size:20px;background:#b22234;color:#ffffff;border-color:#b22234;\"><i class=\"icomoon-icomoonfree-16x16-pen\" ><\/i><\/div><div class=\"icon_description\" id=\"Info-list-wrap-4555\" style=\"font-size:20px;\"><h3 class=\"ult-responsive info-list-heading\"  data-ultimate-target='#Info-list-wrap-4555 h3'  data-responsive-json-new='{\"font-size\":\"desktop:16px;\",\"line-height\":\"desktop:22px;\"}'  style=\"font-family:&#039;Open Sans Condensed&#039;;font-weight:700;\">1. Les Objectifs<\/h3><div class=\"icon_description_text ult-responsive\"  data-ultimate-target='#Info-list-wrap-4555 .icon_description_text'  data-responsive-json-new='{\"font-size\":\"desktop:12px;\",\"line-height\":\"desktop:20px;\"}'  style=\"\"><p>Nous d\u00e9finissons ensemble vos objectifs sportifs et acad\u00e9miques afin de cibler les universit\u00e9s correspondant \u00e0 vos souhaits.<\/p>\n<\/div><\/div><div class=\"icon_list_connector\"  style=\"border-right-width: 1px;border-right-style: dashed;border-color: #ffb536;\"><\/div><\/li><li class=\"icon_list_item\" style=\" font-size:60px;\"><div class=\"icon_list_icon\" data-animation=\"\" data-animation-delay=\"03\" style=\"font-size:20px;background:#b22234;color:#ffffff;border-color:#b22234;\"><i class=\"Defaults-copy files-o\" ><\/i><\/div><div class=\"icon_description\" id=\"Info-list-wrap-3112\" style=\"font-size:20px;\"><h3 class=\"ult-responsive info-list-heading\"  data-ultimate-target='#Info-list-wrap-3112 h3'  data-responsive-json-new='{\"font-size\":\"desktop:16px;\",\"line-height\":\"desktop:22px;\"}'  style=\"font-family:&#039;Open Sans Condensed&#039;;font-weight:700;\">2. Le CV<\/h3><div class=\"icon_description_text ult-responsive\"  data-ultimate-target='#Info-list-wrap-3112 .icon_description_text'  data-responsive-json-new='{\"font-size\":\"desktop:12px;\",\"line-height\":\"desktop:20px;\"}'  style=\"\"><p>OverBoarder met en ligne le profil acad\u00e9mique et sportif de l\u2019\u00e9tudiant.<\/p>\n<\/div><\/div><div class=\"icon_list_connector\"  style=\"border-right-width: 1px;border-right-style: dashed;border-color: #ffb536;\"><\/div><\/li><li class=\"icon_list_item\" style=\" font-size:60px;\"><div class=\"icon_list_icon\" data-animation=\"\" data-animation-delay=\"03\" style=\"font-size:20px;background:#b22234;color:#ffffff;border-color:#b22234;\"><i class=\"icomoon-icomoonfree-16x16-search\" ><\/i><\/div><div class=\"icon_description\" id=\"Info-list-wrap-9800\" style=\"font-size:20px;\"><h3 class=\"ult-responsive info-list-heading\"  data-ultimate-target='#Info-list-wrap-9800 h3'  data-responsive-json-new='{\"font-size\":\"desktop:16px;\",\"line-height\":\"desktop:22px;\"}'  style=\"font-family:&#039;Open Sans Condensed&#039;;font-weight:700;\">3. Les Recherches<\/h3><div class=\"icon_description_text ult-responsive\"  data-ultimate-target='#Info-list-wrap-9800 .icon_description_text'  data-responsive-json-new='{\"font-size\":\"desktop:12px;\",\"line-height\":\"desktop:20px;\"}'  style=\"\"><p>OverBoarder active son r\u00e9seau et part \u00e0 la recherche de bourses universitaires.<\/p>\n<\/div><\/div><div class=\"icon_list_connector\"  style=\"border-right-width: 1px;border-right-style: dashed;border-color: #ffb536;\"><\/div><\/li><li class=\"icon_list_item\" style=\" font-size:60px;\"><div class=\"icon_list_icon\" data-animation=\"\" data-animation-delay=\"03\" style=\"font-size:20px;background:#b22234;color:#ffffff;border-color:#b22234;\"><i class=\"Defaults-book\" ><\/i><\/div><div class=\"icon_description\" id=\"Info-list-wrap-4459\" style=\"font-size:20px;\"><h3 class=\"ult-responsive info-list-heading\"  data-ultimate-target='#Info-list-wrap-4459 h3'  data-responsive-json-new='{\"font-size\":\"desktop:16px;\",\"line-height\":\"desktop:22px;\"}'  style=\"font-family:&#039;Open Sans Condensed&#039;;font-weight:700;\">4. Les Tests<\/h3><div class=\"icon_description_text ult-responsive\"  data-ultimate-target='#Info-list-wrap-4459 .icon_description_text'  data-responsive-json-new='{\"font-size\":\"desktop:12px;\",\"line-height\":\"desktop:20px;\"}'  style=\"\"><p>L\u2019\u00e9tudiant passe les tests DUOLINGO et SAT afin de s\u2019ouvrir les portes des meilleures universit\u00e9s.<\/p>\n<\/div><\/div><div class=\"icon_list_connector\"  style=\"border-right-width: 1px;border-right-style: dashed;border-color: #ffb536;\"><\/div><\/li><li class=\"icon_list_item\" style=\" font-size:60px;\"><div class=\"icon_list_icon\" data-animation=\"\" data-animation-delay=\"03\" style=\"font-size:20px;background:#b22234;color:#ffffff;border-color:#b22234;\"><i class=\"Defaults-folder-open\" ><\/i><\/div><div class=\"icon_description\" id=\"Info-list-wrap-9102\" style=\"font-size:20px;\"><h3 class=\"ult-responsive info-list-heading\"  data-ultimate-target='#Info-list-wrap-9102 h3'  data-responsive-json-new='{\"font-size\":\"desktop:16px;\",\"line-height\":\"desktop:22px;\"}'  style=\"font-family:&#039;Open Sans Condensed&#039;;font-weight:700;\">5. Les Papiers<\/h3><div class=\"icon_description_text ult-responsive\"  data-ultimate-target='#Info-list-wrap-9102 .icon_description_text'  data-responsive-json-new='{\"font-size\":\"desktop:12px;\",\"line-height\":\"desktop:20px;\"}'  style=\"\"><p>Une fois un accord trouv\u00e9 avec une universit\u00e9, OverBoarder guide l\u2019\u00e9tudiant pour le visa, le logement, l\u2019arriv\u00e9e et reste en contact pendant toute la dur\u00e9e du s\u00e9jour aux USA.<\/p>\n<\/div><\/div><div class=\"icon_list_connector\"  style=\"border-right-width: 1px;border-right-style: dashed;border-color: #ffb536;\"><\/div><\/li><li class=\"icon_list_item\" style=\" font-size:60px;\"><div class=\"icon_list_icon\" data-animation=\"\" data-animation-delay=\"03\" style=\"font-size:20px;background:#b22234;color:#ffffff;border-color:#b22234;\"><i class=\"Defaults-check\" ><\/i><\/div><div class=\"icon_description\" id=\"Info-list-wrap-2772\" style=\"font-size:20px;\"><h3 class=\"ult-responsive info-list-heading\"  data-ultimate-target='#Info-list-wrap-2772 h3'  data-responsive-json-new='{\"font-size\":\"desktop:16px;\",\"line-height\":\"desktop:24px;\"}'  style=\"\">6. Le D\u00e9part<\/h3><div class=\"icon_description_text ult-responsive\"  data-ultimate-target='#Info-list-wrap-2772 .icon_description_text'  data-responsive-json-new='{\"font-size\":\"desktop:13px;\",\"line-height\":\"desktop:18px;\"}'  style=\"\"><p>C\u2019est le Jour-J. Tout est en place, l\u2019Aventure peut commencer!<\/p>\n<\/div><\/div><div class=\"icon_list_connector\"  style=\"border-right-width: 1px;border-right-style: dashed;border-color: #ffb536;\"><\/div><\/li><\/ul><\/div>[\/vc_column][\/vc_row]<\/p>\n<\/div>","protected":false},"excerpt":{"rendered":"<p>[vc_row type=&#8221;vc_default&#8221;][vc_column css=&#8221;.vc_custom_1498229431694{padding-bottom: 50px !important;}&#8221;][vc_column_text]OverBoarder se positionne comme une des agences les plus efficaces en Europe afin de partir \u00e9tudier aux USA. Chaque sportif est accompagn\u00e9 de A \u00e0 Z, suivant ses pr\u00e9f\u00e9rences. Nous contactons toutes les universit\u00e9s aux USA sans exception, dans le but de conna\u00eetre toutes les possibilit\u00e9s de bourse dans des universit\u00e9s&hellip;<\/p>\n","protected":false},"author":1,"featured_media":0,"parent":7,"menu_order":100,"comment_status":"closed","ping_status":"closed","template":"","meta":{"footnotes":""},"class_list":["post-408","page","type-page","status-publish","hentry","description-off"],"yoast_head":"<!-- This site is optimized with the Yoast SEO plugin v21.5 - https:\/\/yoast.com\/wordpress\/plugins\/seo\/ -->\n<title>Les Etapes - OverBoarder - Sports and Studies and Scholarships in the USA<\/title>\n<meta name=\"description\" content=\"OverBoarder se positionne comme une des agences les plus efficaces en Europe afin de partir \u00e9tudier aux USA. Chaque sportif est accompagn\u00e9 de A \u00e0 Z,\" \/>\n<meta name=\"robots\" content=\"index, follow, max-snippet:-1, max-image-preview:large, max-video-preview:-1\" \/>\n<link rel=\"canonical\" href=\"https:\/\/overboarder.com\/fr\/mission\/les-etapes\/\" \/>\n<meta property=\"og:locale\" content=\"en_US\" \/>\n<meta property=\"og:type\" content=\"article\" \/>\n<meta property=\"og:title\" content=\"Les Etapes - OverBoarder - Sports and Studies and Scholarships in the USA\" \/>\n<meta property=\"og:description\" content=\"OverBoarder se positionne comme une des agences les plus efficaces en Europe afin de partir \u00e9tudier aux USA. Chaque sportif est accompagn\u00e9 de A \u00e0 Z,\" \/>\n<meta property=\"og:url\" content=\"https:\/\/overboarder.com\/fr\/mission\/les-etapes\/\" \/>\n<meta property=\"og:site_name\" content=\"OverBoarder - Sports and Studies and Scholarships in the USA\" \/>\n<meta property=\"article:modified_time\" content=\"2022-07-20T09:24:07+00:00\" \/>\n<meta name=\"twitter:card\" content=\"summary_large_image\" \/>\n<meta name=\"twitter:label1\" content=\"Est. reading time\" \/>\n\t<meta name=\"twitter:data1\" content=\"2 minutes\" \/>\n<script type=\"application\/ld+json\" class=\"yoast-schema-graph\">{\"@context\":\"https:\/\/schema.org\",\"@graph\":[{\"@type\":\"WebPage\",\"@id\":\"https:\/\/overboarder.com\/fr\/mission\/les-etapes\/\",\"url\":\"https:\/\/overboarder.com\/fr\/mission\/les-etapes\/\",\"name\":\"Les Etapes - OverBoarder - Sports and Studies and Scholarships in the USA\",\"isPartOf\":{\"@id\":\"https:\/\/overboarder.com\/fr\/#website\"},\"datePublished\":\"2016-01-30T21:56:24+00:00\",\"dateModified\":\"2022-07-20T09:24:07+00:00\",\"description\":\"OverBoarder se positionne comme une des agences les plus efficaces en Europe afin de partir \u00e9tudier aux USA. Chaque sportif est accompagn\u00e9 de A \u00e0 Z,\",\"breadcrumb\":{\"@id\":\"https:\/\/overboarder.com\/fr\/mission\/les-etapes\/#breadcrumb\"},\"inLanguage\":\"en-US\",\"potentialAction\":[{\"@type\":\"ReadAction\",\"target\":[\"https:\/\/overboarder.com\/fr\/mission\/les-etapes\/\"]}]},{\"@type\":\"BreadcrumbList\",\"@id\":\"https:\/\/overboarder.com\/fr\/mission\/les-etapes\/#breadcrumb\",\"itemListElement\":[{\"@type\":\"ListItem\",\"position\":1,\"name\":\"Home\",\"item\":\"https:\/\/overboarder.com\/fr\/\"},{\"@type\":\"ListItem\",\"position\":2,\"name\":\"Mission\",\"item\":\"https:\/\/overboarder.com\/fr\/mission\/\"},{\"@type\":\"ListItem\",\"position\":3,\"name\":\"Les Etapes\"}]},{\"@type\":\"WebSite\",\"@id\":\"https:\/\/overboarder.com\/fr\/#website\",\"url\":\"https:\/\/overboarder.com\/fr\/\",\"name\":\"OverBoarder - Sports and Studies and Scholarships in the USA\",\"description\":\"OverBoarder - Sports and Studies and Scholarships in the USA\",\"publisher\":{\"@id\":\"https:\/\/overboarder.com\/fr\/#organization\"},\"potentialAction\":[{\"@type\":\"SearchAction\",\"target\":{\"@type\":\"EntryPoint\",\"urlTemplate\":\"https:\/\/overboarder.com\/fr\/?s={search_term_string}\"},\"query-input\":\"required name=search_term_string\"}],\"inLanguage\":\"en-US\"},{\"@type\":\"Organization\",\"@id\":\"https:\/\/overboarder.com\/fr\/#organization\",\"name\":\"Overboarder\",\"url\":\"https:\/\/overboarder.com\/fr\/\",\"logo\":{\"@type\":\"ImageObject\",\"inLanguage\":\"en-US\",\"@id\":\"https:\/\/overboarder.com\/fr\/#\/schema\/logo\/image\/\",\"url\":\"https:\/\/overboarder.com\/fr\/wp-content\/uploads\/2019\/05\/logo-overboarder-usa.png\",\"contentUrl\":\"https:\/\/overboarder.com\/fr\/wp-content\/uploads\/2019\/05\/logo-overboarder-usa.png\",\"width\":180,\"height\":62,\"caption\":\"Overboarder\"},\"image\":{\"@id\":\"https:\/\/overboarder.com\/fr\/#\/schema\/logo\/image\/\"}}]}<\/script>\n<!-- \/ Yoast SEO plugin. -->","yoast_head_json":{"title":"Les Etapes - OverBoarder - Sports and Studies and Scholarships in the USA","description":"OverBoarder se positionne comme une des agences les plus efficaces en Europe afin de partir \u00e9tudier aux USA. Chaque sportif est accompagn\u00e9 de A \u00e0 Z,","robots":{"index":"index","follow":"follow","max-snippet":"max-snippet:-1","max-image-preview":"max-image-preview:large","max-video-preview":"max-video-preview:-1"},"canonical":"https:\/\/overboarder.com\/fr\/mission\/les-etapes\/","og_locale":"en_US","og_type":"article","og_title":"Les Etapes - OverBoarder - Sports and Studies and Scholarships in the USA","og_description":"OverBoarder se positionne comme une des agences les plus efficaces en Europe afin de partir \u00e9tudier aux USA. Chaque sportif est accompagn\u00e9 de A \u00e0 Z,","og_url":"https:\/\/overboarder.com\/fr\/mission\/les-etapes\/","og_site_name":"OverBoarder - Sports and Studies and Scholarships in the USA","article_modified_time":"2022-07-20T09:24:07+00:00","twitter_card":"summary_large_image","twitter_misc":{"Est. reading time":"2 minutes"},"schema":{"@context":"https:\/\/schema.org","@graph":[{"@type":"WebPage","@id":"https:\/\/overboarder.com\/fr\/mission\/les-etapes\/","url":"https:\/\/overboarder.com\/fr\/mission\/les-etapes\/","name":"Les Etapes - OverBoarder - Sports and Studies and Scholarships in the USA","isPartOf":{"@id":"https:\/\/overboarder.com\/fr\/#website"},"datePublished":"2016-01-30T21:56:24+00:00","dateModified":"2022-07-20T09:24:07+00:00","description":"OverBoarder se positionne comme une des agences les plus efficaces en Europe afin de partir \u00e9tudier aux USA. Chaque sportif est accompagn\u00e9 de A \u00e0 Z,","breadcrumb":{"@id":"https:\/\/overboarder.com\/fr\/mission\/les-etapes\/#breadcrumb"},"inLanguage":"en-US","potentialAction":[{"@type":"ReadAction","target":["https:\/\/overboarder.com\/fr\/mission\/les-etapes\/"]}]},{"@type":"BreadcrumbList","@id":"https:\/\/overboarder.com\/fr\/mission\/les-etapes\/#breadcrumb","itemListElement":[{"@type":"ListItem","position":1,"name":"Home","item":"https:\/\/overboarder.com\/fr\/"},{"@type":"ListItem","position":2,"name":"Mission","item":"https:\/\/overboarder.com\/fr\/mission\/"},{"@type":"ListItem","position":3,"name":"Les Etapes"}]},{"@type":"WebSite","@id":"https:\/\/overboarder.com\/fr\/#website","url":"https:\/\/overboarder.com\/fr\/","name":"OverBoarder - Sports and Studies and Scholarships in the USA","description":"OverBoarder - Sports and Studies and Scholarships in the USA","publisher":{"@id":"https:\/\/overboarder.com\/fr\/#organization"},"potentialAction":[{"@type":"SearchAction","target":{"@type":"EntryPoint","urlTemplate":"https:\/\/overboarder.com\/fr\/?s={search_term_string}"},"query-input":"required name=search_term_string"}],"inLanguage":"en-US"},{"@type":"Organization","@id":"https:\/\/overboarder.com\/fr\/#organization","name":"Overboarder","url":"https:\/\/overboarder.com\/fr\/","logo":{"@type":"ImageObject","inLanguage":"en-US","@id":"https:\/\/overboarder.com\/fr\/#\/schema\/logo\/image\/","url":"https:\/\/overboarder.com\/fr\/wp-content\/uploads\/2019\/05\/logo-overboarder-usa.png","contentUrl":"https:\/\/overboarder.com\/fr\/wp-content\/uploads\/2019\/05\/logo-overboarder-usa.png","width":180,"height":62,"caption":"Overboarder"},"image":{"@id":"https:\/\/overboarder.com\/fr\/#\/schema\/logo\/image\/"}}]}},"_links":{"self":[{"href":"https:\/\/overboarder.com\/fr\/wp-json\/wp\/v2\/pages\/408","targetHints":{"allow":["GET"]}}],"collection":[{"href":"https:\/\/overboarder.com\/fr\/wp-json\/wp\/v2\/pages"}],"about":[{"href":"https:\/\/overboarder.com\/fr\/wp-json\/wp\/v2\/types\/page"}],"author":[{"embeddable":true,"href":"https:\/\/overboarder.com\/fr\/wp-json\/wp\/v2\/users\/1"}],"replies":[{"embeddable":true,"href":"https:\/\/overboarder.com\/fr\/wp-json\/wp\/v2\/comments?post=408"}],"version-history":[{"count":0,"href":"https:\/\/overboarder.com\/fr\/wp-json\/wp\/v2\/pages\/408\/revisions"}],"up":[{"embeddable":true,"href":"https:\/\/overboarder.com\/fr\/wp-json\/wp\/v2\/pages\/7"}],"wp:attachment":[{"href":"https:\/\/overboarder.com\/fr\/wp-json\/wp\/v2\/media?parent=408"}],"curies":[{"name":"wp","href":"https:\/\/api.w.org\/{rel}","templated":true}]}}