{"id":2962,"date":"2022-07-24T13:30:02","date_gmt":"2022-07-24T13:30:02","guid":{"rendered":"https:\/\/overboarder.com\/fr\/?page_id=2962"},"modified":"2024-02-21T15:31:55","modified_gmt":"2024-02-21T15:31:55","slug":"california","status":"publish","type":"page","link":"https:\/\/overboarder.com\/fr\/california\/","title":{"rendered":"California"},"content":{"rendered":"<div class=\"wpb-content-wrapper\"><p>[vc_row][vc_column][vc_single_image image=&#8221;4921&#8243; img_size=&#8221;full&#8221; alignment=&#8221;center&#8221;][vc_separator][\/vc_column][\/vc_row][vc_row][vc_column css=&#8221;.vc_custom_1708528737898{padding-top: 50px !important;padding-bottom: 50px !important;}&#8221;]<div id=\"ultimate-heading-34986a03493de2411\" class=\"uvc-heading ult-adjust-bottom-margin ultimate-heading-34986a03493de2411 uvc-7244 \" data-hspacer=\"no_spacer\"  data-halign=\"left\" style=\"text-align:left\"><div class=\"uvc-heading-spacer no_spacer\" style=\"top\"><\/div><div class=\"uvc-main-heading ult-responsive\"  data-ultimate-target='.uvc-heading.ultimate-heading-34986a03493de2411 h2'  data-responsive-json-new='{\"font-size\":\"desktop:26px;\",\"line-height\":\"desktop:32px;\"}' ><h2 style=\"font-weight:bold;margin-bottom:20px;\">Le projet<\/h2><\/div><\/div>[vc_column_text]Chaque ann\u00e9e, la Californie accueille \u00e0 elle seule plus de 40.000 nouveaux et nouvelles \u00e9tudiant(e)s \u00e9tranger(e)s, avec ET sans le sport!<br \/>\nEn plus de la qualit\u00e9 de vie unique qu\u2019offre cet \u00e9tat de la c\u00f4te Ouest, l\u2019excellence de leurs universit\u00e9s est une des raisons principales de cette migration acad\u00e9mique massive.<br \/>\nIl existe de nombreuses possibilit\u00e9s de parcours scolaire, allant de la simple ann\u00e9e d\u2019\u00e9change pour apprendre la langue et revenir bilingue en Europe, au d\u00e9sir d\u2019aller d\u00e9crocher un dipl\u00f4me internationalement reconnu d\u2019une des universit\u00e9s prestigieuses de cet \u00e9tat.<br \/>\nNotre but est de vous accompagner de A \u00e0 Z dans ce chemin d\u2019admission et d\u2019int\u00e9gration, afin que vous puissiez r\u00e9aliser votre r\u00eave, quelle que votre ambition finale.<br \/>\nMerci pour votre confiance.[\/vc_column_text][\/vc_column][\/vc_row][vc_row][vc_column css=&#8221;.vc_custom_1645739023622{padding-bottom: 50px !important;}&#8221;]<div id=\"ultimate-heading-59776a03493de248f\" class=\"uvc-heading ult-adjust-bottom-margin ultimate-heading-59776a03493de248f uvc-5874 \" data-hspacer=\"no_spacer\"  data-halign=\"left\" style=\"text-align:left\"><div class=\"uvc-heading-spacer no_spacer\" style=\"top\"><\/div><div class=\"uvc-main-heading ult-responsive\"  data-ultimate-target='.uvc-heading.ultimate-heading-59776a03493de248f h2'  data-responsive-json-new='{\"font-size\":\"desktop:26px;\",\"line-height\":\"desktop:32px;\"}' ><h2 style=\"font-weight:bold;margin-bottom:20px;\">Notre activit\u00e9<\/h2><\/div><\/div>[vc_column_text]Lors de notre premi\u00e8re discussion, nous ferons ensemble un passage en revue des \u00e9tapes n\u00e9cessaires pour l\u2019inscription en universit\u00e9 Am\u00e9ricaine.<br \/>\nNous vous garantissons une admission dans un \u00e9tablissement en Californie, o\u00f9 vous aurez la possibilit\u00e9 de suivre des cours d\u2019anglais de mise \u00e0 niveau si n\u00e9cessaire, ou int\u00e9grer un programme d\u2019\u00e9tudes classique, qui pourra d\u00e9boucher vers un dipl\u00f4me de Bac +3 (et plus si affinit\u00e9s).<br \/>\nNous vous guiderons et vous aiderons \u00e0 vous pr\u00e9parer au test d\u2019anglais (TOEFL ou Duolingo) gr\u00e2ce \u00e0 des cours sp\u00e9cifiques. Ce test servira \u00e0 vous placer dans le programme ad\u00e9quat.<\/p>\n<p>Nous nous chargerons \u00e9galement de la pr\u00e9paration et traduction de vos bulletins scolaires, et vous assisterons dans le choix du logement sur place (r\u00e9sidence \u00e9tudiante ou famille d\u2019accueil).<br \/>\nBien entendu toutes les d\u00e9marches d\u2019obtention du visa \u00e9tudiant seront faites par nos soins, il vous suffira de vous rendre en personne \u00e0 l\u2019ambassade des USA pour d\u00e9crocher ce pr\u00e9cieux s\u00e9same.[\/vc_column_text][\/vc_column][\/vc_row][vc_row][vc_column css=&#8221;.vc_custom_1708528925404{padding-bottom: 50px !important;}&#8221;][vc_single_image image=&#8221;3349&#8243; img_size=&#8221;full&#8221; alignment=&#8221;center&#8221; lazy_loading=&#8221;true&#8221;][\/vc_column][\/vc_row][vc_row css=&#8221;.vc_custom_1646246788164{padding-bottom: -10px !important;}&#8221;][vc_column css=&#8221;.vc_custom_1645739023622{padding-bottom: 50px !important;}&#8221;]<div id=\"ultimate-heading-40036a03493de24c7\" class=\"uvc-heading ult-adjust-bottom-margin ultimate-heading-40036a03493de24c7 uvc-3611 \" data-hspacer=\"no_spacer\"  data-halign=\"left\" style=\"text-align:left\"><div class=\"uvc-heading-spacer no_spacer\" style=\"top\"><\/div><div class=\"uvc-main-heading ult-responsive\"  data-ultimate-target='.uvc-heading.ultimate-heading-40036a03493de24c7 h2'  data-responsive-json-new='{\"font-size\":\"desktop:26px;\",\"line-height\":\"desktop:32px;\"}' ><h2 style=\"font-weight:bold;margin-bottom:20px;\">La proc\u00e9dure<\/h2><\/div><\/div>[vc_column_text css=&#8221;.vc_custom_1646245565533{padding-bottom: 10px !important;}&#8221;]La proc\u00e9dure \u00e0 suivre depuis votre inscription \u00e0 OverBoarder jusqu\u2019\u00e0 votre admission dans une universit\u00e9 est tr\u00e8s simple:[\/vc_column_text]<div class=\"smile_icon_list_wrap ult_info_list_container ult-adjust-bottom-margin  \"><ul class=\"smile_icon_list left hexagon\"><li class=\"icon_list_item\" style=\" font-size:60px;\"><div class=\"icon_list_icon\" data-animation=\"\" data-animation-delay=\"03\" style=\"font-size:20px;background:rgba(0,102,191,0.75);color:#ffffff;border-color:rgba(0,102,191,0.75);\"><i class=\"icomoon-icomoonfree-16x16-target\" ><\/i><\/div><div class=\"icon_description\" id=\"Info-list-wrap-1889\" style=\"font-size:20px;\"><h3 class=\"ult-responsive info-list-heading\"  data-ultimate-target='#Info-list-wrap-1889 h3'  data-responsive-json-new='{\"font-size\":\"desktop:16px;\",\"line-height\":\"desktop:22px;\"}'  style=\"font-family:&#039;Open Sans Condensed&#039;;font-weight:700;\">1. Les objectifs<\/h3><div class=\"icon_description_text ult-responsive\"  data-ultimate-target='#Info-list-wrap-1889 .icon_description_text'  data-responsive-json-new='{\"font-size\":\"desktop:12px;\",\"line-height\":\"desktop:20px;\"}'  style=\"\"><p>Nous d\u00e9finissons ensemble vos objectifs acad\u00e9miques afin de cibler les universit\u00e9s correspondant \u00e0 vos souhaits<\/p>\n<\/div><\/div><div class=\"icon_list_connector\"  style=\"border-right-width: 1px;border-right-style: dashed;border-color: rgba(0,102,191,0.75);\"><\/div><\/li><li class=\"icon_list_item\" style=\" font-size:60px;\"><div class=\"icon_list_icon\" data-animation=\"\" data-animation-delay=\"03\" style=\"font-size:20px;background:rgba(0,102,191,0.75);color:#ffffff;border-color:rgba(0,102,191,0.75);\"><i class=\"Defaults-lightbulb-o\" ><\/i><\/div><div class=\"icon_description\" id=\"Info-list-wrap-6777\" style=\"font-size:20px;\"><h3 class=\"ult-responsive info-list-heading\"  data-ultimate-target='#Info-list-wrap-6777 h3'  data-responsive-json-new='{\"font-size\":\"desktop:16px;\",\"line-height\":\"desktop:22px;\"}'  style=\"font-family:&#039;Open Sans Condensed&#039;;font-weight:700;\">1. Le CV<\/h3><div class=\"icon_description_text ult-responsive\"  data-ultimate-target='#Info-list-wrap-6777 .icon_description_text'  data-responsive-json-new='{\"font-size\":\"desktop:12px;\",\"line-height\":\"desktop:20px;\"}'  style=\"\"><p>OverBoarder met en ligne le profil acad\u00e9mique de l\u2019\u00e9tudiant<\/p>\n<\/div><\/div><div class=\"icon_list_connector\"  style=\"border-right-width: 1px;border-right-style: dashed;border-color: rgba(0,102,191,0.75);\"><\/div><\/li><li class=\"icon_list_item\" style=\" font-size:60px;\"><div class=\"icon_list_icon\" data-animation=\"\" data-animation-delay=\"03\" style=\"font-size:20px;background:rgba(0,102,191,0.75);color:#ffffff;border-color:rgba(0,102,191,0.75);\"><i class=\"icomoon-icomoonfree-16x16-search\" ><\/i><\/div><div class=\"icon_description\" id=\"Info-list-wrap-4153\" style=\"font-size:20px;\"><h3 class=\"ult-responsive info-list-heading\"  data-ultimate-target='#Info-list-wrap-4153 h3'  data-responsive-json-new='{\"font-size\":\"desktop:16px;\",\"line-height\":\"desktop:22px;\"}'  style=\"font-family:&#039;Open Sans Condensed&#039;;font-weight:700;\">1. Les recherches<\/h3><div class=\"icon_description_text ult-responsive\"  data-ultimate-target='#Info-list-wrap-4153 .icon_description_text'  data-responsive-json-new='{\"font-size\":\"desktop:12px;\",\"line-height\":\"desktop:20px;\"}'  style=\"\"><p>OverBoarder active son r\u00e9seau et part \u00e0 la recherche d\u2019universit\u00e9s<\/p>\n<\/div><\/div><div class=\"icon_list_connector\"  style=\"border-right-width: 1px;border-right-style: dashed;border-color: rgba(0,102,191,0.75);\"><\/div><\/li><li class=\"icon_list_item\" style=\" font-size:60px;\"><div class=\"icon_list_icon\" data-animation=\"\" data-animation-delay=\"03\" style=\"font-size:20px;background:rgba(0,102,191,0.75);color:#ffffff;border-color:rgba(0,102,191,0.75);\"><i class=\"icomoon-icomoonfree-16x16-wrench\" ><\/i><\/div><div class=\"icon_description\" id=\"Info-list-wrap-9753\" style=\"font-size:20px;\"><h3 class=\"ult-responsive info-list-heading\"  data-ultimate-target='#Info-list-wrap-9753 h3'  data-responsive-json-new='{\"font-size\":\"desktop:16px;\",\"line-height\":\"desktop:22px;\"}'  style=\"font-family:&#039;Open Sans Condensed&#039;;font-weight:700;\">1. Les tests<\/h3><div class=\"icon_description_text ult-responsive\"  data-ultimate-target='#Info-list-wrap-9753 .icon_description_text'  data-responsive-json-new='{\"font-size\":\"desktop:12px;\",\"line-height\":\"desktop:20px;\"}'  style=\"\"><p>L\u2019\u00e9tudiant passe le test Duolingo ou le TOEFL afin de s\u2019ouvrir les portes des meilleures universit\u00e9s<\/p>\n<\/div><\/div><div class=\"icon_list_connector\"  style=\"border-right-width: 1px;border-right-style: dashed;border-color: rgba(0,102,191,0.75);\"><\/div><\/li><li class=\"icon_list_item\" style=\" font-size:60px;\"><div class=\"icon_list_icon\" data-animation=\"\" data-animation-delay=\"03\" style=\"font-size:20px;background:rgba(0,102,191,0.75);color:#ffffff;border-color:rgba(0,102,191,0.75);\"><i class=\"Defaults-copy files-o\" ><\/i><\/div><div class=\"icon_description\" id=\"Info-list-wrap-7602\" style=\"font-size:20px;\"><h3 class=\"ult-responsive info-list-heading\"  data-ultimate-target='#Info-list-wrap-7602 h3'  data-responsive-json-new='{\"font-size\":\"desktop:16px;\",\"line-height\":\"desktop:22px;\"}'  style=\"font-family:&#039;Open Sans Condensed&#039;;font-weight:700;\">1. Les papiers<\/h3><div class=\"icon_description_text ult-responsive\"  data-ultimate-target='#Info-list-wrap-7602 .icon_description_text'  data-responsive-json-new='{\"font-size\":\"desktop:12px;\",\"line-height\":\"desktop:20px;\"}'  style=\"\"><p>Une fois un accord trouv\u00e9 avec une universit\u00e9, OverBoarder guide l\u2019\u00e9tudiant pour le visa, le logement, l\u2019arriv\u00e9e et reste en contact pendant toute la dur\u00e9e du s\u00e9jour aux USA<\/p>\n<\/div><\/div><div class=\"icon_list_connector\"  style=\"border-right-width: 1px;border-right-style: dashed;border-color: rgba(0,102,191,0.75);\"><\/div><\/li><li class=\"icon_list_item\" style=\" font-size:60px;\"><div class=\"icon_list_icon\" data-animation=\"\" data-animation-delay=\"03\" style=\"font-size:20px;background:rgba(0,102,191,0.75);color:#ffffff;border-color:rgba(0,102,191,0.75);\"><i class=\"Defaults-check\" ><\/i><\/div><div class=\"icon_description\" id=\"Info-list-wrap-5944\" style=\"font-size:20px;\"><h3 class=\"ult-responsive info-list-heading\"  data-ultimate-target='#Info-list-wrap-5944 h3'  data-responsive-json-new='{\"font-size\":\"desktop:16px;\",\"line-height\":\"desktop:22px;\"}'  style=\"font-family:&#039;Open Sans Condensed&#039;;font-weight:700;\">1. Le d\u00e9part<\/h3><div class=\"icon_description_text ult-responsive\"  data-ultimate-target='#Info-list-wrap-5944 .icon_description_text'  data-responsive-json-new='{\"font-size\":\"desktop:12px;\",\"line-height\":\"desktop:20px;\"}'  style=\"\"><p>C\u2019est le Jour-J. Tout est en place, l\u2019Aventure peut commencer!<\/p>\n<\/div><\/div><div class=\"icon_list_connector\"  style=\"border-right-width: 1px;border-right-style: dashed;border-color: rgba(0,102,191,0.75);\"><\/div><\/li><\/ul><\/div>[\/vc_column][\/vc_row][vc_row][vc_column css=&#8221;.vc_custom_1645739023622{padding-bottom: 50px !important;}&#8221;]<div id=\"ultimate-heading-60366a03493de2bbd\" class=\"uvc-heading ult-adjust-bottom-margin ultimate-heading-60366a03493de2bbd uvc-6342 \" data-hspacer=\"no_spacer\"  data-halign=\"left\" style=\"text-align:left\"><div class=\"uvc-heading-spacer no_spacer\" style=\"top\"><\/div><div class=\"uvc-main-heading ult-responsive\"  data-ultimate-target='.uvc-heading.ultimate-heading-60366a03493de2bbd h2'  data-responsive-json-new='{\"font-size\":\"desktop:26px;\",\"line-height\":\"desktop:32px;\"}' ><h2 style=\"font-weight:bold;margin-bottom:20px;\">Le timing<\/h2><\/div><\/div>[vc_column_text]De mani\u00e8re g\u00e9n\u00e9rale, il est mieux de prendre contact avec OverBoarder le plus t\u00f4t possible (entre 6 et 9 mois avant votre d\u00e9part souhait\u00e9).<\/p>\n<p><strong>Pourquoi s\u2019inscrire si t\u00f4t?<\/strong><\/p>\n<p>Les meilleures universit\u00e9s am\u00e9ricaines commencent leur recrutement en novembre pour la rentr\u00e9e suivante (presque une ann\u00e9e \u00e0 l\u2019avance). Cependant, il est tout \u00e0 fait possible d\u2019int\u00e9grer une institution acad\u00e9mique en ne s\u2019inscrivant qu\u2019au milieu de l\u2019ann\u00e9e, voire peu de temps avant le d\u00e9but du semestre. Il faut tout de m\u00eame savoir que les meilleures universit\u00e9s ont des dates limites assez t\u00f4t dans le semestre. Par cons\u00e9quent, plus nous pourrons promouvoir votre profil assez t\u00f4t, meilleures seront vos chances d\u2019int\u00e9grer une tr\u00e8s bonne universit\u00e9.[\/vc_column_text][\/vc_column][\/vc_row][vc_row][vc_column css=&#8221;.vc_custom_1645739023622{padding-bottom: 50px !important;}&#8221;]<div id=\"ultimate-heading-23286a03493de2bee\" class=\"uvc-heading ult-adjust-bottom-margin ultimate-heading-23286a03493de2bee uvc-4092 \" data-hspacer=\"no_spacer\"  data-halign=\"left\" style=\"text-align:left\"><div class=\"uvc-heading-spacer no_spacer\" style=\"top\"><\/div><div class=\"uvc-main-heading ult-responsive\"  data-ultimate-target='.uvc-heading.ultimate-heading-23286a03493de2bee h2'  data-responsive-json-new='{\"font-size\":\"desktop:26px;\",\"line-height\":\"desktop:32px;\"}' ><h2 style=\"font-weight:bold;margin-bottom:20px;\">Votre contact<\/h2><\/div><\/div>[vc_column_text]Pour toute question, n\u2019h\u00e9sitez pas \u00e0 nous contacter:<\/p>\n<p><strong>Benoit Matival<\/strong><br \/>\nEmail: benoit@overboarder.com<br \/>\nT\u00e9l\u00e9phone France: 06.59.90.31.39<br \/>\nT\u00e9l\u00e9phone Belgique: 0496.13.03.83[\/vc_column_text][\/vc_column][\/vc_row]<\/p>\n<\/div>","protected":false},"excerpt":{"rendered":"<p>[vc_row][vc_column][vc_single_image image=&#8221;4921&#8243; img_size=&#8221;full&#8221; alignment=&#8221;center&#8221;][vc_separator][\/vc_column][\/vc_row][vc_row][vc_column css=&#8221;.vc_custom_1708528737898{padding-top: 50px !important;padding-bottom: 50px !important;}&#8221;][vc_column_text]Chaque ann\u00e9e, la Californie accueille \u00e0 elle seule plus de 40.000 nouveaux et nouvelles \u00e9tudiant(e)s \u00e9tranger(e)s, avec ET sans le sport! En plus de la qualit\u00e9 de vie unique qu\u2019offre cet \u00e9tat de la c\u00f4te Ouest, l\u2019excellence de leurs universit\u00e9s est une des raisons principales de cette&hellip;<\/p>\n","protected":false},"author":1,"featured_media":0,"parent":0,"menu_order":0,"comment_status":"closed","ping_status":"closed","template":"","meta":{"footnotes":""},"class_list":["post-2962","page","type-page","status-publish","hentry","description-off"],"yoast_head":"<!-- This site is optimized with the Yoast SEO plugin v21.5 - https:\/\/yoast.com\/wordpress\/plugins\/seo\/ -->\n<title>California - OverBoarder - Sports and Studies and Scholarships in the USA<\/title>\n<meta name=\"description\" content=\"Chaque ann\u00e9e, la Californie accueille \u00e0 elle seule plus de 40.000 nouveaux et nouvelles \u00e9tudiant(e)s \u00e9tranger(e)s, avec ET sans le sport! En plus de la\" \/>\n<meta name=\"robots\" content=\"index, follow, max-snippet:-1, max-image-preview:large, max-video-preview:-1\" \/>\n<link rel=\"canonical\" href=\"https:\/\/overboarder.com\/fr\/california\/\" \/>\n<meta property=\"og:locale\" content=\"en_US\" \/>\n<meta property=\"og:type\" content=\"article\" \/>\n<meta property=\"og:title\" content=\"California - OverBoarder - Sports and Studies and Scholarships in the USA\" \/>\n<meta property=\"og:description\" content=\"Chaque ann\u00e9e, la Californie accueille \u00e0 elle seule plus de 40.000 nouveaux et nouvelles \u00e9tudiant(e)s \u00e9tranger(e)s, avec ET sans le sport! En plus de la\" \/>\n<meta property=\"og:url\" content=\"https:\/\/overboarder.com\/fr\/california\/\" \/>\n<meta property=\"og:site_name\" content=\"OverBoarder - Sports and Studies and Scholarships in the USA\" \/>\n<meta property=\"article:modified_time\" content=\"2024-02-21T15:31:55+00:00\" \/>\n<meta name=\"twitter:card\" content=\"summary_large_image\" \/>\n<meta name=\"twitter:label1\" content=\"Est. reading time\" \/>\n\t<meta name=\"twitter:data1\" content=\"3 minutes\" \/>\n<script type=\"application\/ld+json\" class=\"yoast-schema-graph\">{\"@context\":\"https:\/\/schema.org\",\"@graph\":[{\"@type\":\"WebPage\",\"@id\":\"https:\/\/overboarder.com\/fr\/california\/\",\"url\":\"https:\/\/overboarder.com\/fr\/california\/\",\"name\":\"California - OverBoarder - Sports and Studies and Scholarships in the USA\",\"isPartOf\":{\"@id\":\"https:\/\/overboarder.com\/fr\/#website\"},\"datePublished\":\"2022-07-24T13:30:02+00:00\",\"dateModified\":\"2024-02-21T15:31:55+00:00\",\"description\":\"Chaque ann\u00e9e, la Californie accueille \u00e0 elle seule plus de 40.000 nouveaux et nouvelles \u00e9tudiant(e)s \u00e9tranger(e)s, avec ET sans le sport! En plus de la\",\"breadcrumb\":{\"@id\":\"https:\/\/overboarder.com\/fr\/california\/#breadcrumb\"},\"inLanguage\":\"en-US\",\"potentialAction\":[{\"@type\":\"ReadAction\",\"target\":[\"https:\/\/overboarder.com\/fr\/california\/\"]}]},{\"@type\":\"BreadcrumbList\",\"@id\":\"https:\/\/overboarder.com\/fr\/california\/#breadcrumb\",\"itemListElement\":[{\"@type\":\"ListItem\",\"position\":1,\"name\":\"Home\",\"item\":\"https:\/\/overboarder.com\/fr\/\"},{\"@type\":\"ListItem\",\"position\":2,\"name\":\"California\"}]},{\"@type\":\"WebSite\",\"@id\":\"https:\/\/overboarder.com\/fr\/#website\",\"url\":\"https:\/\/overboarder.com\/fr\/\",\"name\":\"OverBoarder - Sports and Studies and Scholarships in the USA\",\"description\":\"OverBoarder - Sports and Studies and Scholarships in the USA\",\"publisher\":{\"@id\":\"https:\/\/overboarder.com\/fr\/#organization\"},\"potentialAction\":[{\"@type\":\"SearchAction\",\"target\":{\"@type\":\"EntryPoint\",\"urlTemplate\":\"https:\/\/overboarder.com\/fr\/?s={search_term_string}\"},\"query-input\":\"required name=search_term_string\"}],\"inLanguage\":\"en-US\"},{\"@type\":\"Organization\",\"@id\":\"https:\/\/overboarder.com\/fr\/#organization\",\"name\":\"Overboarder\",\"url\":\"https:\/\/overboarder.com\/fr\/\",\"logo\":{\"@type\":\"ImageObject\",\"inLanguage\":\"en-US\",\"@id\":\"https:\/\/overboarder.com\/fr\/#\/schema\/logo\/image\/\",\"url\":\"https:\/\/overboarder.com\/fr\/wp-content\/uploads\/2019\/05\/logo-overboarder-usa.png\",\"contentUrl\":\"https:\/\/overboarder.com\/fr\/wp-content\/uploads\/2019\/05\/logo-overboarder-usa.png\",\"width\":180,\"height\":62,\"caption\":\"Overboarder\"},\"image\":{\"@id\":\"https:\/\/overboarder.com\/fr\/#\/schema\/logo\/image\/\"}}]}<\/script>\n<!-- \/ Yoast SEO plugin. -->","yoast_head_json":{"title":"California - OverBoarder - Sports and Studies and Scholarships in the USA","description":"Chaque ann\u00e9e, la Californie accueille \u00e0 elle seule plus de 40.000 nouveaux et nouvelles \u00e9tudiant(e)s \u00e9tranger(e)s, avec ET sans le sport! En plus de la","robots":{"index":"index","follow":"follow","max-snippet":"max-snippet:-1","max-image-preview":"max-image-preview:large","max-video-preview":"max-video-preview:-1"},"canonical":"https:\/\/overboarder.com\/fr\/california\/","og_locale":"en_US","og_type":"article","og_title":"California - OverBoarder - Sports and Studies and Scholarships in the USA","og_description":"Chaque ann\u00e9e, la Californie accueille \u00e0 elle seule plus de 40.000 nouveaux et nouvelles \u00e9tudiant(e)s \u00e9tranger(e)s, avec ET sans le sport! En plus de la","og_url":"https:\/\/overboarder.com\/fr\/california\/","og_site_name":"OverBoarder - Sports and Studies and Scholarships in the USA","article_modified_time":"2024-02-21T15:31:55+00:00","twitter_card":"summary_large_image","twitter_misc":{"Est. reading time":"3 minutes"},"schema":{"@context":"https:\/\/schema.org","@graph":[{"@type":"WebPage","@id":"https:\/\/overboarder.com\/fr\/california\/","url":"https:\/\/overboarder.com\/fr\/california\/","name":"California - OverBoarder - Sports and Studies and Scholarships in the USA","isPartOf":{"@id":"https:\/\/overboarder.com\/fr\/#website"},"datePublished":"2022-07-24T13:30:02+00:00","dateModified":"2024-02-21T15:31:55+00:00","description":"Chaque ann\u00e9e, la Californie accueille \u00e0 elle seule plus de 40.000 nouveaux et nouvelles \u00e9tudiant(e)s \u00e9tranger(e)s, avec ET sans le sport! En plus de la","breadcrumb":{"@id":"https:\/\/overboarder.com\/fr\/california\/#breadcrumb"},"inLanguage":"en-US","potentialAction":[{"@type":"ReadAction","target":["https:\/\/overboarder.com\/fr\/california\/"]}]},{"@type":"BreadcrumbList","@id":"https:\/\/overboarder.com\/fr\/california\/#breadcrumb","itemListElement":[{"@type":"ListItem","position":1,"name":"Home","item":"https:\/\/overboarder.com\/fr\/"},{"@type":"ListItem","position":2,"name":"California"}]},{"@type":"WebSite","@id":"https:\/\/overboarder.com\/fr\/#website","url":"https:\/\/overboarder.com\/fr\/","name":"OverBoarder - Sports and Studies and Scholarships in the USA","description":"OverBoarder - Sports and Studies and Scholarships in the USA","publisher":{"@id":"https:\/\/overboarder.com\/fr\/#organization"},"potentialAction":[{"@type":"SearchAction","target":{"@type":"EntryPoint","urlTemplate":"https:\/\/overboarder.com\/fr\/?s={search_term_string}"},"query-input":"required name=search_term_string"}],"inLanguage":"en-US"},{"@type":"Organization","@id":"https:\/\/overboarder.com\/fr\/#organization","name":"Overboarder","url":"https:\/\/overboarder.com\/fr\/","logo":{"@type":"ImageObject","inLanguage":"en-US","@id":"https:\/\/overboarder.com\/fr\/#\/schema\/logo\/image\/","url":"https:\/\/overboarder.com\/fr\/wp-content\/uploads\/2019\/05\/logo-overboarder-usa.png","contentUrl":"https:\/\/overboarder.com\/fr\/wp-content\/uploads\/2019\/05\/logo-overboarder-usa.png","width":180,"height":62,"caption":"Overboarder"},"image":{"@id":"https:\/\/overboarder.com\/fr\/#\/schema\/logo\/image\/"}}]}},"_links":{"self":[{"href":"https:\/\/overboarder.com\/fr\/wp-json\/wp\/v2\/pages\/2962","targetHints":{"allow":["GET"]}}],"collection":[{"href":"https:\/\/overboarder.com\/fr\/wp-json\/wp\/v2\/pages"}],"about":[{"href":"https:\/\/overboarder.com\/fr\/wp-json\/wp\/v2\/types\/page"}],"author":[{"embeddable":true,"href":"https:\/\/overboarder.com\/fr\/wp-json\/wp\/v2\/users\/1"}],"replies":[{"embeddable":true,"href":"https:\/\/overboarder.com\/fr\/wp-json\/wp\/v2\/comments?post=2962"}],"version-history":[{"count":0,"href":"https:\/\/overboarder.com\/fr\/wp-json\/wp\/v2\/pages\/2962\/revisions"}],"wp:attachment":[{"href":"https:\/\/overboarder.com\/fr\/wp-json\/wp\/v2\/media?parent=2962"}],"curies":[{"name":"wp","href":"https:\/\/api.w.org\/{rel}","templated":true}]}}