{"id":15,"date":"2016-01-29T10:16:43","date_gmt":"2016-01-29T10:16:43","guid":{"rendered":"https:\/\/the7.io\/beauty-studio\/?page_id=15"},"modified":"2022-07-20T10:04:45","modified_gmt":"2022-07-20T10:04:45","slug":"les-bourses","status":"publish","type":"page","link":"https:\/\/overboarder.com\/fr\/mission\/les-bourses\/","title":{"rendered":"Les Bourses"},"content":{"rendered":"<div class=\"wpb-content-wrapper\"><p>[vc_row][vc_column css=&#8221;.vc_custom_1658311481626{padding-top: 50px !important;}&#8221;]<div id=\"ultimate-heading-358469e8cc5db4b5a\" class=\"uvc-heading ult-adjust-bottom-margin ultimate-heading-358469e8cc5db4b5a uvc-5296 \" data-hspacer=\"no_spacer\"  data-halign=\"left\" style=\"text-align:left\"><div class=\"uvc-heading-spacer no_spacer\" style=\"top\"><\/div><div class=\"uvc-main-heading ult-responsive\"  data-ultimate-target='.uvc-heading.ultimate-heading-358469e8cc5db4b5a h2'  data-responsive-json-new='{\"font-size\":\"desktop:26px;\",\"line-height\":\"desktop:32px;\"}' ><h2 style=\"font-weight:bold;margin-bottom:20px;\">Les Types de Bourse<\/h2><\/div><\/div>[vc_column_text css=&#8221;.vc_custom_1658310403472{padding-bottom: 20px !important;}&#8221;]Il faut savoir qu\u2019une ann\u00e9e d\u2019\u00e9tudes peut co\u00fbter entre $25,000 et $85,000 par an. Heureusement, les universit\u00e9s am\u00e9ricaines sont g\u00e9n\u00e9reuses avec les sportifs et permettent d\u2019obtenir diff\u00e9rentes bourses.<br \/>\nIl est tr\u00e8s fr\u00e9quent de voir de jeunes sportifs ne pas d\u00e9bourser un centime durant leurs \u00e9tudes, la totalit\u00e9 des frais (inscriptions, logement, nourriture, livres, d\u00e9placements, etc.) \u00e9tant prise en charge par l\u2019universit\u00e9 dont ils d\u00e9fendent les couleurs.[\/vc_column_text]<div id=\"ultimate-heading-598969e8cc5db4be1\" class=\"uvc-heading ult-adjust-bottom-margin ultimate-heading-598969e8cc5db4be1 uvc-1144 \" data-hspacer=\"no_spacer\"  data-halign=\"left\" style=\"text-align:left\"><div class=\"uvc-heading-spacer no_spacer\" style=\"top\"><\/div><div class=\"uvc-main-heading ult-responsive\"  data-ultimate-target='.uvc-heading.ultimate-heading-598969e8cc5db4be1 h1'  data-responsive-json-new='{\"font-size\":\"desktop:24px;\",\"line-height\":\"desktop:30px;\"}' ><h1 style=\"font-weight:bold;margin-bottom:20px;\">Les Bourses Sportives<\/h1><\/div><\/div>[vc_column_text css=&#8221;.vc_custom_1658310692467{padding-bottom: 20px !important;}&#8221;]Le nombre de bourses d\u00e9di\u00e9es \u00e0 chaque sport est d\u00e9termin\u00e9 par la f\u00e9d\u00e9ration sportive universitaire. L&#8217;entra\u00eeneur d\u00e9cide de r\u00e9partir son budget suivant l&#8217;impact que ses recrues ont dans l&#8217;\u00e9quipe. Plus vous \u00eates indispensable, moins vous payez! La motivation est \u00e9norme![\/vc_column_text]<div id=\"ultimate-heading-833769e8cc5db4c25\" class=\"uvc-heading ult-adjust-bottom-margin ultimate-heading-833769e8cc5db4c25 uvc-2458 \" data-hspacer=\"no_spacer\"  data-halign=\"left\" style=\"text-align:left\"><div class=\"uvc-heading-spacer no_spacer\" style=\"top\"><\/div><div class=\"uvc-main-heading ult-responsive\"  data-ultimate-target='.uvc-heading.ultimate-heading-833769e8cc5db4c25 h1'  data-responsive-json-new='{\"font-size\":\"desktop:24px;\",\"line-height\":\"desktop:30px;\"}' ><h1 style=\"font-weight:bold;margin-bottom:20px;\">Les Bourses Acad\u00e9miques<\/h1><\/div><\/div>[vc_column_text]En plus de r\u00e9compenser les sportifs chevronn\u00e9s, les universit\u00e9s octroie \u00e9galement des bourses aux bons \u00e9tudiants, c&#8217;est la cerise sur le g\u00e2teau! De bonnes notes \u00e0 l&#8217;\u00e9cole et de bons r\u00e9sultats aux tests d&#8217;anglais peuvent aider l&#8217;\u00e9tudiant \u00e0 recevoir encore plus d&#8217;aide financi\u00e8re.[\/vc_column_text][vc_single_image image=&#8221;1877&#8243; alignment=&#8221;center&#8221; css=&#8221;.vc_custom_1658311425961{padding-top: 20px !important;padding-bottom: 100px !important;}&#8221;][\/vc_column][\/vc_row]<\/p>\n<\/div>","protected":false},"excerpt":{"rendered":"<p>[vc_row][vc_column css=&#8221;.vc_custom_1658311481626{padding-top: 50px !important;}&#8221;][vc_column_text css=&#8221;.vc_custom_1658310403472{padding-bottom: 20px !important;}&#8221;]Il faut savoir qu\u2019une ann\u00e9e d\u2019\u00e9tudes peut co\u00fbter entre $25,000 et $85,000 par an. Heureusement, les universit\u00e9s am\u00e9ricaines sont g\u00e9n\u00e9reuses avec les sportifs et permettent d\u2019obtenir diff\u00e9rentes bourses. Il est tr\u00e8s fr\u00e9quent de voir de jeunes sportifs ne pas d\u00e9bourser un centime durant leurs \u00e9tudes, la totalit\u00e9 des frais&hellip;<\/p>\n","protected":false},"author":1,"featured_media":0,"parent":7,"menu_order":100,"comment_status":"closed","ping_status":"closed","template":"","meta":{"footnotes":""},"class_list":["post-15","page","type-page","status-publish","hentry","description-off"],"yoast_head":"<!-- This site is optimized with the Yoast SEO plugin v21.5 - https:\/\/yoast.com\/wordpress\/plugins\/seo\/ -->\n<title>Les Bourses - OverBoarder - Sports and Studies and Scholarships in the USA<\/title>\n<meta name=\"description\" content=\"Il faut savoir qu\u2019une ann\u00e9e d\u2019\u00e9tudes peut co\u00fbter entre $25,000 et $85,000 par an. Heureusement, les universit\u00e9s am\u00e9ricaines sont g\u00e9n\u00e9reuses avec les\" \/>\n<meta name=\"robots\" content=\"index, follow, max-snippet:-1, max-image-preview:large, max-video-preview:-1\" \/>\n<link rel=\"canonical\" href=\"https:\/\/overboarder.com\/fr\/mission\/les-bourses\/\" \/>\n<meta property=\"og:locale\" content=\"en_US\" \/>\n<meta property=\"og:type\" content=\"article\" \/>\n<meta property=\"og:title\" content=\"Les Bourses - OverBoarder - Sports and Studies and Scholarships in the USA\" \/>\n<meta property=\"og:description\" content=\"Il faut savoir qu\u2019une ann\u00e9e d\u2019\u00e9tudes peut co\u00fbter entre $25,000 et $85,000 par an. Heureusement, les universit\u00e9s am\u00e9ricaines sont g\u00e9n\u00e9reuses avec les\" \/>\n<meta property=\"og:url\" content=\"https:\/\/overboarder.com\/fr\/mission\/les-bourses\/\" \/>\n<meta property=\"og:site_name\" content=\"OverBoarder - Sports and Studies and Scholarships in the USA\" \/>\n<meta property=\"article:modified_time\" content=\"2022-07-20T10:04:45+00:00\" \/>\n<meta name=\"twitter:card\" content=\"summary_large_image\" \/>\n<meta name=\"twitter:label1\" content=\"Est. reading time\" \/>\n\t<meta name=\"twitter:data1\" content=\"1 minute\" \/>\n<script type=\"application\/ld+json\" class=\"yoast-schema-graph\">{\"@context\":\"https:\/\/schema.org\",\"@graph\":[{\"@type\":\"WebPage\",\"@id\":\"https:\/\/overboarder.com\/fr\/mission\/les-bourses\/\",\"url\":\"https:\/\/overboarder.com\/fr\/mission\/les-bourses\/\",\"name\":\"Les Bourses - OverBoarder - Sports and Studies and Scholarships in the USA\",\"isPartOf\":{\"@id\":\"https:\/\/overboarder.com\/fr\/#website\"},\"datePublished\":\"2016-01-29T10:16:43+00:00\",\"dateModified\":\"2022-07-20T10:04:45+00:00\",\"description\":\"Il faut savoir qu\u2019une ann\u00e9e d\u2019\u00e9tudes peut co\u00fbter entre $25,000 et $85,000 par an. Heureusement, les universit\u00e9s am\u00e9ricaines sont g\u00e9n\u00e9reuses avec les\",\"breadcrumb\":{\"@id\":\"https:\/\/overboarder.com\/fr\/mission\/les-bourses\/#breadcrumb\"},\"inLanguage\":\"en-US\",\"potentialAction\":[{\"@type\":\"ReadAction\",\"target\":[\"https:\/\/overboarder.com\/fr\/mission\/les-bourses\/\"]}]},{\"@type\":\"BreadcrumbList\",\"@id\":\"https:\/\/overboarder.com\/fr\/mission\/les-bourses\/#breadcrumb\",\"itemListElement\":[{\"@type\":\"ListItem\",\"position\":1,\"name\":\"Home\",\"item\":\"https:\/\/overboarder.com\/fr\/\"},{\"@type\":\"ListItem\",\"position\":2,\"name\":\"Mission\",\"item\":\"https:\/\/overboarder.com\/fr\/mission\/\"},{\"@type\":\"ListItem\",\"position\":3,\"name\":\"Les Bourses\"}]},{\"@type\":\"WebSite\",\"@id\":\"https:\/\/overboarder.com\/fr\/#website\",\"url\":\"https:\/\/overboarder.com\/fr\/\",\"name\":\"OverBoarder - Sports and Studies and Scholarships in the USA\",\"description\":\"OverBoarder - Sports and Studies and Scholarships in the USA\",\"publisher\":{\"@id\":\"https:\/\/overboarder.com\/fr\/#organization\"},\"potentialAction\":[{\"@type\":\"SearchAction\",\"target\":{\"@type\":\"EntryPoint\",\"urlTemplate\":\"https:\/\/overboarder.com\/fr\/?s={search_term_string}\"},\"query-input\":\"required name=search_term_string\"}],\"inLanguage\":\"en-US\"},{\"@type\":\"Organization\",\"@id\":\"https:\/\/overboarder.com\/fr\/#organization\",\"name\":\"Overboarder\",\"url\":\"https:\/\/overboarder.com\/fr\/\",\"logo\":{\"@type\":\"ImageObject\",\"inLanguage\":\"en-US\",\"@id\":\"https:\/\/overboarder.com\/fr\/#\/schema\/logo\/image\/\",\"url\":\"https:\/\/overboarder.com\/fr\/wp-content\/uploads\/2019\/05\/logo-overboarder-usa.png\",\"contentUrl\":\"https:\/\/overboarder.com\/fr\/wp-content\/uploads\/2019\/05\/logo-overboarder-usa.png\",\"width\":180,\"height\":62,\"caption\":\"Overboarder\"},\"image\":{\"@id\":\"https:\/\/overboarder.com\/fr\/#\/schema\/logo\/image\/\"}}]}<\/script>\n<!-- \/ Yoast SEO plugin. -->","yoast_head_json":{"title":"Les Bourses - OverBoarder - Sports and Studies and Scholarships in the USA","description":"Il faut savoir qu\u2019une ann\u00e9e d\u2019\u00e9tudes peut co\u00fbter entre $25,000 et $85,000 par an. Heureusement, les universit\u00e9s am\u00e9ricaines sont g\u00e9n\u00e9reuses avec les","robots":{"index":"index","follow":"follow","max-snippet":"max-snippet:-1","max-image-preview":"max-image-preview:large","max-video-preview":"max-video-preview:-1"},"canonical":"https:\/\/overboarder.com\/fr\/mission\/les-bourses\/","og_locale":"en_US","og_type":"article","og_title":"Les Bourses - OverBoarder - Sports and Studies and Scholarships in the USA","og_description":"Il faut savoir qu\u2019une ann\u00e9e d\u2019\u00e9tudes peut co\u00fbter entre $25,000 et $85,000 par an. Heureusement, les universit\u00e9s am\u00e9ricaines sont g\u00e9n\u00e9reuses avec les","og_url":"https:\/\/overboarder.com\/fr\/mission\/les-bourses\/","og_site_name":"OverBoarder - Sports and Studies and Scholarships in the USA","article_modified_time":"2022-07-20T10:04:45+00:00","twitter_card":"summary_large_image","twitter_misc":{"Est. reading time":"1 minute"},"schema":{"@context":"https:\/\/schema.org","@graph":[{"@type":"WebPage","@id":"https:\/\/overboarder.com\/fr\/mission\/les-bourses\/","url":"https:\/\/overboarder.com\/fr\/mission\/les-bourses\/","name":"Les Bourses - OverBoarder - Sports and Studies and Scholarships in the USA","isPartOf":{"@id":"https:\/\/overboarder.com\/fr\/#website"},"datePublished":"2016-01-29T10:16:43+00:00","dateModified":"2022-07-20T10:04:45+00:00","description":"Il faut savoir qu\u2019une ann\u00e9e d\u2019\u00e9tudes peut co\u00fbter entre $25,000 et $85,000 par an. Heureusement, les universit\u00e9s am\u00e9ricaines sont g\u00e9n\u00e9reuses avec les","breadcrumb":{"@id":"https:\/\/overboarder.com\/fr\/mission\/les-bourses\/#breadcrumb"},"inLanguage":"en-US","potentialAction":[{"@type":"ReadAction","target":["https:\/\/overboarder.com\/fr\/mission\/les-bourses\/"]}]},{"@type":"BreadcrumbList","@id":"https:\/\/overboarder.com\/fr\/mission\/les-bourses\/#breadcrumb","itemListElement":[{"@type":"ListItem","position":1,"name":"Home","item":"https:\/\/overboarder.com\/fr\/"},{"@type":"ListItem","position":2,"name":"Mission","item":"https:\/\/overboarder.com\/fr\/mission\/"},{"@type":"ListItem","position":3,"name":"Les Bourses"}]},{"@type":"WebSite","@id":"https:\/\/overboarder.com\/fr\/#website","url":"https:\/\/overboarder.com\/fr\/","name":"OverBoarder - Sports and Studies and Scholarships in the USA","description":"OverBoarder - Sports and Studies and Scholarships in the USA","publisher":{"@id":"https:\/\/overboarder.com\/fr\/#organization"},"potentialAction":[{"@type":"SearchAction","target":{"@type":"EntryPoint","urlTemplate":"https:\/\/overboarder.com\/fr\/?s={search_term_string}"},"query-input":"required name=search_term_string"}],"inLanguage":"en-US"},{"@type":"Organization","@id":"https:\/\/overboarder.com\/fr\/#organization","name":"Overboarder","url":"https:\/\/overboarder.com\/fr\/","logo":{"@type":"ImageObject","inLanguage":"en-US","@id":"https:\/\/overboarder.com\/fr\/#\/schema\/logo\/image\/","url":"https:\/\/overboarder.com\/fr\/wp-content\/uploads\/2019\/05\/logo-overboarder-usa.png","contentUrl":"https:\/\/overboarder.com\/fr\/wp-content\/uploads\/2019\/05\/logo-overboarder-usa.png","width":180,"height":62,"caption":"Overboarder"},"image":{"@id":"https:\/\/overboarder.com\/fr\/#\/schema\/logo\/image\/"}}]}},"_links":{"self":[{"href":"https:\/\/overboarder.com\/fr\/wp-json\/wp\/v2\/pages\/15","targetHints":{"allow":["GET"]}}],"collection":[{"href":"https:\/\/overboarder.com\/fr\/wp-json\/wp\/v2\/pages"}],"about":[{"href":"https:\/\/overboarder.com\/fr\/wp-json\/wp\/v2\/types\/page"}],"author":[{"embeddable":true,"href":"https:\/\/overboarder.com\/fr\/wp-json\/wp\/v2\/users\/1"}],"replies":[{"embeddable":true,"href":"https:\/\/overboarder.com\/fr\/wp-json\/wp\/v2\/comments?post=15"}],"version-history":[{"count":0,"href":"https:\/\/overboarder.com\/fr\/wp-json\/wp\/v2\/pages\/15\/revisions"}],"up":[{"embeddable":true,"href":"https:\/\/overboarder.com\/fr\/wp-json\/wp\/v2\/pages\/7"}],"wp:attachment":[{"href":"https:\/\/overboarder.com\/fr\/wp-json\/wp\/v2\/media?parent=15"}],"curies":[{"name":"wp","href":"https:\/\/api.w.org\/{rel}","templated":true}]}}