{"id":1113,"date":"2017-03-26T14:10:20","date_gmt":"2017-03-26T13:10:20","guid":{"rendered":"https:\/\/the7.io\/beauty-studio\/?page_id=1113"},"modified":"2022-07-20T14:43:32","modified_gmt":"2022-07-20T14:43:32","slug":"les-sports","status":"publish","type":"page","link":"https:\/\/overboarder.com\/fr\/les-sports\/","title":{"rendered":"Les Sports"},"content":{"rendered":"<div class=\"wpb-content-wrapper\"><p>[vc_row type=&#8221;vc_default&#8221; css=&#8221;.vc_custom_1476008791393{padding-top: 70px !important;padding-bottom: 25px !important;}&#8221;][vc_column css=&#8221;.vc_custom_1658327759815{padding-bottom: 50px !important;}&#8221;]<div id=\"ultimate-heading-793469e8cca0f39c5\" class=\"uvc-heading ult-adjust-bottom-margin ultimate-heading-793469e8cca0f39c5 uvc-7086 \" data-hspacer=\"no_spacer\"  data-halign=\"left\" style=\"text-align:left\"><div class=\"uvc-heading-spacer no_spacer\" style=\"top\"><\/div><div class=\"uvc-main-heading ult-responsive\"  data-ultimate-target='.uvc-heading.ultimate-heading-793469e8cca0f39c5 h2'  data-responsive-json-new='{\"font-size\":\"desktop:50px;\",\"line-height\":\"desktop:50px;\"}' ><h2 style=\"font-weight:bold;margin-bottom:20px;\">Les Sp\u00e9cialit\u00e9s d'OverBoarder<\/h2><\/div><\/div>[vc_column_text]Les universit\u00e9s Am\u00e9ricaines sponsorisent 24 sports.<\/p>\n<p>OverBoarder assiste environ <strong>150 \u00e9tudiants-athl\u00e8tes<\/strong> chaque ann\u00e9e et est actif dans 20 disciplines.<\/p>\n<p>Voici la liste des sports:[\/vc_column_text][\/vc_column][\/vc_row][vc_row][vc_column width=&#8221;1\/2&#8243; css=&#8221;.vc_custom_1658328107175{padding-bottom: 100px !important;}&#8221;][vc_column_text]<\/p>\n<p><strong>Athl\u00e9tisme &#8211; Cross Country<\/strong><\/p>\n<p><strong>Baseball<\/strong><\/p>\n<p><strong>Basketball<\/strong><\/p>\n<p><strong>Beach Volleyball<\/strong><\/p>\n<p><strong>Escrime<\/strong><\/p>\n<p><strong>Football (ou Soccer)<\/strong><\/p>\n<p><strong>Football Am\u00e9ricain<\/strong><\/p>\n<p><strong>Golf<\/strong><\/p>\n<p><strong>Gymnastique<\/strong><\/p>\n<p><strong>Hockey sur Gazon<\/strong><\/p>\n<p><strong>Hockey sur Glace<\/strong><\/p>\n<p><strong>Judo<\/strong><\/p>\n<p><strong>Natation<\/strong><\/p>\n<p><strong>Ski<\/strong><\/p>\n<p><strong>Softball<\/strong><\/p>\n<p><strong>Tennis<\/strong><\/p>\n<p><strong>Volleyball<\/strong><\/p>\n<p><strong>Waterpolo<\/strong>[\/vc_column_text][\/vc_column][vc_column width=&#8221;1\/2&#8243; css=&#8221;.vc_custom_1658328117335{padding-top: 100px !important;}&#8221;]<style type=\"text\/css\" data-type=\"the7_shortcodes-inline-css\">.shortcode-single-image-wrap.shortcode-single-image-652946c4cb0ebce7e4628f6f15e9778e.enable-bg-rollover .rollover i,\n.shortcode-single-image-wrap.shortcode-single-image-652946c4cb0ebce7e4628f6f15e9778e.enable-bg-rollover .rollover-video i {\n  background: -webkit-linear-gradient();\n  background: linear-gradient();\n}\n.shortcode-single-image-wrap.shortcode-single-image-652946c4cb0ebce7e4628f6f15e9778e .rollover-icon {\n  font-size: 32px;\n  color: #ffffff;\n  min-width: 44px;\n  min-height: 44px;\n  line-height: 44px;\n  border-radius: 100px;\n  border-style: solid;\n  border-width: 0px;\n}\n.dt-icon-bg-on.shortcode-single-image-wrap.shortcode-single-image-652946c4cb0ebce7e4628f6f15e9778e .rollover-icon {\n  background: rgba(255,255,255,0.3);\n  box-shadow: none;\n}\n<\/style><div class=\"shortcode-single-image-wrap shortcode-single-image-652946c4cb0ebce7e4628f6f15e9778e alignnone  enable-bg-rollover dt-icon-bg-off\" style=\"margin-top:0px; margin-bottom:0px; margin-left:0px; margin-right:0px; width:500px;\" data-pretty-share=\"facebook,twitter,whatsapp\"><div class=\"shortcode-single-image\"><div class=\"fancy-media-wrap\" style=\"\"><img decoding=\"async\" class=\"preload-me\" src=\"https:\/\/overboarder.com\/fr\/wp-content\/uploads\/2022\/07\/Screen_Shot_2014-08-19_at_2.43.38_PM.0-500x323.png\" srcset=\"https:\/\/overboarder.com\/fr\/wp-content\/uploads\/2022\/07\/Screen_Shot_2014-08-19_at_2.43.38_PM.0-500x323.png 500w, https:\/\/overboarder.com\/fr\/wp-content\/uploads\/2022\/07\/Screen_Shot_2014-08-19_at_2.43.38_PM.0-979x632.png 979w\" sizes=\"500px\" width=\"500\" height=\"323\"  data-dt-location=\"https:\/\/overboarder.com\/fr\/les-sports\/screen_shot_2014-08-19_at_2-43-38_pm-0\/\" style=\"\" alt=\"\" \/><\/div><\/div><\/div>[\/vc_column][\/vc_row][vc_row bg_type=&#8221;bg_color&#8221; bg_override=&#8221;ex-full&#8221; type=&#8221;vc_default&#8221; margin_top=&#8221;-50&#8243; css=&#8221;.vc_custom_1498803830227{padding-top: 50px !important;background-color: #000000 !important;}&#8221; bg_color_value=&#8221;#1f365c&#8221;][vc_column width=&#8221;1\/4&#8243;]<div class=\"stats-block stats-top  accent-icon-bg  vc_custom_1658326096880\"><div class=\"aio-icon-top\"><div class=\"ult-just-icon-wrapper  \"><div class=\"align-icon\" style=\"text-align:center;\">\n<div class=\"aio-icon circle \"  style=\"color:#ffffff;background:#1e73be;font-size:32px;display:inline-block;\">\n\t<i class=\"icomoon-icomoonfree-16x16-man\"><\/i>\n<\/div><\/div><\/div><\/div><div class=\"stats-desc\" id=\"counter-responsv-wrap-3824\"><div id=\"counter_284401613869e8cca10166a\" data-id=\"counter_284401613869e8cca10166a\"  data-ultimate-target='#counter-responsv-wrap-3824 .stats-number'  data-responsive-json-new='{\"font-size\":\"desktop:70px;\",\"line-height\":\"desktop:70px;\"}'  class=\"stats-number ult-responsive\" style=\" color:#ffffff; font-family:&#039;Open Sans Condensed&#039;;font-weight:700;color:#ffffff;\" data-speed=\"3\" data-counter-value=\"1500\" data-separator=\",\" data-decimal=\".\">0<\/div><div id=\"title-counter_284401613869e8cca10166a\"  data-ultimate-target='#counter-responsv-wrap-3824 .stats-text'  data-responsive-json-new='{\"font-size\":\"desktop:20px;\",\"line-height\":\"desktop:26px;\"}'  class=\"stats-text ult-responsive\" style=\"font-size:px; color:#ffffff; font-family:&#039;Open Sans Condensed&#039;;font-weight:700;\">Etudiant-Sportifs<\/div><\/div><\/div>[\/vc_column][vc_column width=&#8221;1\/4&#8243; css=&#8221;.vc_custom_1476007487982{padding-bottom: 50px !important;}&#8221;]<div class=\"stats-block stats-top  accent-icon-bg  vc_custom_1658325960612\"><div class=\"aio-icon-top\"><div class=\"ult-just-icon-wrapper  \"><div class=\"align-icon\" style=\"text-align:center;\">\n<div class=\"aio-icon circle \"  style=\"color:#ffffff;background:#1e73be;font-size:32px;display:inline-block;\">\n\t<i class=\"Defaults-graduation-cap\"><\/i>\n<\/div><\/div><\/div><\/div><div class=\"stats-desc\" id=\"counter-responsv-wrap-1110\"><div id=\"counter_140594958469e8cca101784\" data-id=\"counter_140594958469e8cca101784\"  data-ultimate-target='#counter-responsv-wrap-1110 .stats-number'  data-responsive-json-new='{\"font-size\":\"desktop:70px;\",\"line-height\":\"desktop:70px;\"}'  class=\"stats-number ult-responsive\" style=\" color:#ffffff; font-family:&#039;Open Sans Condensed&#039;;font-weight:700;color:#ffffff;\" data-speed=\"3\" data-counter-value=\"150\" data-separator=\",\" data-decimal=\".\">0<\/div><div id=\"title-counter_140594958469e8cca101784\"  data-ultimate-target='#counter-responsv-wrap-1110 .stats-text'  data-responsive-json-new='{\"font-size\":\"desktop:20px;\",\"line-height\":\"desktop:26px;\"}'  class=\"stats-text ult-responsive\" style=\"font-size:px; color:#ffffff; font-family:&#039;Open Sans Condensed&#039;;font-weight:700;\">Clients Par An<\/div><\/div><\/div>[\/vc_column][vc_column width=&#8221;1\/4&#8243; css=&#8221;.vc_custom_1476007492901{padding-bottom: 50px !important;}&#8221;]<div class=\"stats-block stats-top  accent-icon-bg  vc_custom_1658325880281\"><div class=\"aio-icon-top\"><div class=\"ult-just-icon-wrapper  \"><div class=\"align-icon\" style=\"text-align:center;\">\n<div class=\"aio-icon circle \"  style=\"color:#ffffff;background:#1e73be;font-size:32px;display:inline-block;\">\n\t<i class=\"fas fa-baseball-ball\"><\/i>\n<\/div><\/div><\/div><\/div><div class=\"stats-desc\" id=\"counter-responsv-wrap-3244\"><div id=\"counter_13668421769e8cca101843\" data-id=\"counter_13668421769e8cca101843\"  data-ultimate-target='#counter-responsv-wrap-3244 .stats-number'  data-responsive-json-new='{\"font-size\":\"desktop:70px;\",\"line-height\":\"desktop:70px;\"}'  class=\"stats-number ult-responsive\" style=\" color:#ffffff; font-family:&#039;Open Sans Condensed&#039;;font-weight:700;color:#ffffff;\" data-speed=\"3\" data-counter-value=\"20\" data-separator=\",\" data-decimal=\".\">0<\/div><div id=\"title-counter_13668421769e8cca101843\"  data-ultimate-target='#counter-responsv-wrap-3244 .stats-text'  data-responsive-json-new='{\"font-size\":\"desktop:20px;\",\"line-height\":\"desktop:26px;\"}'  class=\"stats-text ult-responsive\" style=\"font-size:px; color:#ffffff; font-family:&#039;Open Sans Condensed&#039;;font-weight:700;\">Sports Actifs<\/div><\/div><\/div>[\/vc_column][vc_column width=&#8221;1\/4&#8243;]<div class=\"stats-block stats-top  accent-icon-bg \"><div class=\"aio-icon-top\"><div class=\"ult-just-icon-wrapper  \"><div class=\"align-icon\" style=\"text-align:center;\">\n<div class=\"aio-icon circle \"  style=\"color:#ffffff;background:#1e73be;font-size:32px;display:inline-block;\">\n\t<i class=\"Defaults-trophy\"><\/i>\n<\/div><\/div><\/div><\/div><div class=\"stats-desc\" id=\"counter-responsv-wrap-4710\"><div id=\"counter_116069288869e8cca1018f4\" data-id=\"counter_116069288869e8cca1018f4\"  data-ultimate-target='#counter-responsv-wrap-4710 .stats-number'  data-responsive-json-new='{\"font-size\":\"desktop:70px;\",\"line-height\":\"desktop:70px;\"}'  class=\"stats-number ult-responsive\" style=\" color:#ffffff; font-family:&#039;Open Sans Condensed&#039;;font-weight:700;color:#ffffff;\" data-speed=\"3\" data-counter-value=\"1\" data-separator=\",\" data-decimal=\".\">0<\/div><div id=\"title-counter_116069288869e8cca1018f4\"  data-ultimate-target='#counter-responsv-wrap-4710 .stats-text'  data-responsive-json-new='{\"font-size\":\"desktop:20px;\",\"line-height\":\"desktop:26px;\"}'  class=\"stats-text ult-responsive\" style=\"font-size:px; color:#ffffff; font-family:&#039;Open Sans Condensed&#039;;font-weight:700;\">OverBoarder est l'Agence #1 en Europe depuis 2010<\/div><\/div><\/div>[\/vc_column][\/vc_row]<\/p>\n<\/div>","protected":false},"excerpt":{"rendered":"<p>[vc_row type=&#8221;vc_default&#8221; css=&#8221;.vc_custom_1476008791393{padding-top: 70px !important;padding-bottom: 25px !important;}&#8221;][vc_column css=&#8221;.vc_custom_1658327759815{padding-bottom: 50px !important;}&#8221;][vc_column_text]Les universit\u00e9s Am\u00e9ricaines sponsorisent 24 sports. OverBoarder assiste environ 150 \u00e9tudiants-athl\u00e8tes chaque ann\u00e9e et est actif dans 20 disciplines. Voici la liste des sports:[\/vc_column_text][\/vc_column][\/vc_row][vc_row][vc_column width=&#8221;1\/2&#8243; css=&#8221;.vc_custom_1658328107175{padding-bottom: 100px !important;}&#8221;][vc_column_text] Athl\u00e9tisme &#8211; Cross Country Baseball Basketball Beach Volleyball Escrime Football (ou Soccer) Football Am\u00e9ricain Golf Gymnastique Hockey sur&hellip;<\/p>\n","protected":false},"author":1,"featured_media":0,"parent":0,"menu_order":0,"comment_status":"closed","ping_status":"closed","template":"","meta":{"footnotes":""},"class_list":["post-1113","page","type-page","status-publish","hentry","description-off"],"yoast_head":"<!-- This site is optimized with the Yoast SEO plugin v21.5 - https:\/\/yoast.com\/wordpress\/plugins\/seo\/ -->\n<title>Les Sports - OverBoarder - Sports and Studies and Scholarships in the USA<\/title>\n<meta name=\"description\" content=\"Les universit\u00e9s Am\u00e9ricaines sponsorisent 24 sports. OverBoarder assiste environ 150 \u00e9tudiants-athl\u00e8tes chaque ann\u00e9e et est actif dans 20 disciplines.\" \/>\n<meta name=\"robots\" content=\"index, follow, max-snippet:-1, max-image-preview:large, max-video-preview:-1\" \/>\n<link rel=\"canonical\" href=\"https:\/\/overboarder.com\/fr\/les-sports\/\" \/>\n<meta property=\"og:locale\" content=\"en_US\" \/>\n<meta property=\"og:type\" content=\"article\" \/>\n<meta property=\"og:title\" content=\"Les Sports - OverBoarder - Sports and Studies and Scholarships in the USA\" \/>\n<meta property=\"og:description\" content=\"Les universit\u00e9s Am\u00e9ricaines sponsorisent 24 sports. OverBoarder assiste environ 150 \u00e9tudiants-athl\u00e8tes chaque ann\u00e9e et est actif dans 20 disciplines.\" \/>\n<meta property=\"og:url\" content=\"https:\/\/overboarder.com\/fr\/les-sports\/\" \/>\n<meta property=\"og:site_name\" content=\"OverBoarder - Sports and Studies and Scholarships in the USA\" \/>\n<meta property=\"article:modified_time\" content=\"2022-07-20T14:43:32+00:00\" \/>\n<meta name=\"twitter:card\" content=\"summary_large_image\" \/>\n<meta name=\"twitter:label1\" content=\"Est. reading time\" \/>\n\t<meta name=\"twitter:data1\" content=\"2 minutes\" \/>\n<script type=\"application\/ld+json\" class=\"yoast-schema-graph\">{\"@context\":\"https:\/\/schema.org\",\"@graph\":[{\"@type\":\"WebPage\",\"@id\":\"https:\/\/overboarder.com\/fr\/les-sports\/\",\"url\":\"https:\/\/overboarder.com\/fr\/les-sports\/\",\"name\":\"Les Sports - OverBoarder - Sports and Studies and Scholarships in the USA\",\"isPartOf\":{\"@id\":\"https:\/\/overboarder.com\/fr\/#website\"},\"datePublished\":\"2017-03-26T13:10:20+00:00\",\"dateModified\":\"2022-07-20T14:43:32+00:00\",\"description\":\"Les universit\u00e9s Am\u00e9ricaines sponsorisent 24 sports. OverBoarder assiste environ 150 \u00e9tudiants-athl\u00e8tes chaque ann\u00e9e et est actif dans 20 disciplines.\",\"breadcrumb\":{\"@id\":\"https:\/\/overboarder.com\/fr\/les-sports\/#breadcrumb\"},\"inLanguage\":\"en-US\",\"potentialAction\":[{\"@type\":\"ReadAction\",\"target\":[\"https:\/\/overboarder.com\/fr\/les-sports\/\"]}]},{\"@type\":\"BreadcrumbList\",\"@id\":\"https:\/\/overboarder.com\/fr\/les-sports\/#breadcrumb\",\"itemListElement\":[{\"@type\":\"ListItem\",\"position\":1,\"name\":\"Home\",\"item\":\"https:\/\/overboarder.com\/fr\/\"},{\"@type\":\"ListItem\",\"position\":2,\"name\":\"Les Sports\"}]},{\"@type\":\"WebSite\",\"@id\":\"https:\/\/overboarder.com\/fr\/#website\",\"url\":\"https:\/\/overboarder.com\/fr\/\",\"name\":\"OverBoarder - Sports and Studies and Scholarships in the USA\",\"description\":\"OverBoarder - Sports and Studies and Scholarships in the USA\",\"publisher\":{\"@id\":\"https:\/\/overboarder.com\/fr\/#organization\"},\"potentialAction\":[{\"@type\":\"SearchAction\",\"target\":{\"@type\":\"EntryPoint\",\"urlTemplate\":\"https:\/\/overboarder.com\/fr\/?s={search_term_string}\"},\"query-input\":\"required name=search_term_string\"}],\"inLanguage\":\"en-US\"},{\"@type\":\"Organization\",\"@id\":\"https:\/\/overboarder.com\/fr\/#organization\",\"name\":\"Overboarder\",\"url\":\"https:\/\/overboarder.com\/fr\/\",\"logo\":{\"@type\":\"ImageObject\",\"inLanguage\":\"en-US\",\"@id\":\"https:\/\/overboarder.com\/fr\/#\/schema\/logo\/image\/\",\"url\":\"https:\/\/overboarder.com\/fr\/wp-content\/uploads\/2019\/05\/logo-overboarder-usa.png\",\"contentUrl\":\"https:\/\/overboarder.com\/fr\/wp-content\/uploads\/2019\/05\/logo-overboarder-usa.png\",\"width\":180,\"height\":62,\"caption\":\"Overboarder\"},\"image\":{\"@id\":\"https:\/\/overboarder.com\/fr\/#\/schema\/logo\/image\/\"}}]}<\/script>\n<!-- \/ Yoast SEO plugin. -->","yoast_head_json":{"title":"Les Sports - OverBoarder - Sports and Studies and Scholarships in the USA","description":"Les universit\u00e9s Am\u00e9ricaines sponsorisent 24 sports. OverBoarder assiste environ 150 \u00e9tudiants-athl\u00e8tes chaque ann\u00e9e et est actif dans 20 disciplines.","robots":{"index":"index","follow":"follow","max-snippet":"max-snippet:-1","max-image-preview":"max-image-preview:large","max-video-preview":"max-video-preview:-1"},"canonical":"https:\/\/overboarder.com\/fr\/les-sports\/","og_locale":"en_US","og_type":"article","og_title":"Les Sports - OverBoarder - Sports and Studies and Scholarships in the USA","og_description":"Les universit\u00e9s Am\u00e9ricaines sponsorisent 24 sports. OverBoarder assiste environ 150 \u00e9tudiants-athl\u00e8tes chaque ann\u00e9e et est actif dans 20 disciplines.","og_url":"https:\/\/overboarder.com\/fr\/les-sports\/","og_site_name":"OverBoarder - Sports and Studies and Scholarships in the USA","article_modified_time":"2022-07-20T14:43:32+00:00","twitter_card":"summary_large_image","twitter_misc":{"Est. reading time":"2 minutes"},"schema":{"@context":"https:\/\/schema.org","@graph":[{"@type":"WebPage","@id":"https:\/\/overboarder.com\/fr\/les-sports\/","url":"https:\/\/overboarder.com\/fr\/les-sports\/","name":"Les Sports - OverBoarder - Sports and Studies and Scholarships in the USA","isPartOf":{"@id":"https:\/\/overboarder.com\/fr\/#website"},"datePublished":"2017-03-26T13:10:20+00:00","dateModified":"2022-07-20T14:43:32+00:00","description":"Les universit\u00e9s Am\u00e9ricaines sponsorisent 24 sports. OverBoarder assiste environ 150 \u00e9tudiants-athl\u00e8tes chaque ann\u00e9e et est actif dans 20 disciplines.","breadcrumb":{"@id":"https:\/\/overboarder.com\/fr\/les-sports\/#breadcrumb"},"inLanguage":"en-US","potentialAction":[{"@type":"ReadAction","target":["https:\/\/overboarder.com\/fr\/les-sports\/"]}]},{"@type":"BreadcrumbList","@id":"https:\/\/overboarder.com\/fr\/les-sports\/#breadcrumb","itemListElement":[{"@type":"ListItem","position":1,"name":"Home","item":"https:\/\/overboarder.com\/fr\/"},{"@type":"ListItem","position":2,"name":"Les Sports"}]},{"@type":"WebSite","@id":"https:\/\/overboarder.com\/fr\/#website","url":"https:\/\/overboarder.com\/fr\/","name":"OverBoarder - Sports and Studies and Scholarships in the USA","description":"OverBoarder - Sports and Studies and Scholarships in the USA","publisher":{"@id":"https:\/\/overboarder.com\/fr\/#organization"},"potentialAction":[{"@type":"SearchAction","target":{"@type":"EntryPoint","urlTemplate":"https:\/\/overboarder.com\/fr\/?s={search_term_string}"},"query-input":"required name=search_term_string"}],"inLanguage":"en-US"},{"@type":"Organization","@id":"https:\/\/overboarder.com\/fr\/#organization","name":"Overboarder","url":"https:\/\/overboarder.com\/fr\/","logo":{"@type":"ImageObject","inLanguage":"en-US","@id":"https:\/\/overboarder.com\/fr\/#\/schema\/logo\/image\/","url":"https:\/\/overboarder.com\/fr\/wp-content\/uploads\/2019\/05\/logo-overboarder-usa.png","contentUrl":"https:\/\/overboarder.com\/fr\/wp-content\/uploads\/2019\/05\/logo-overboarder-usa.png","width":180,"height":62,"caption":"Overboarder"},"image":{"@id":"https:\/\/overboarder.com\/fr\/#\/schema\/logo\/image\/"}}]}},"_links":{"self":[{"href":"https:\/\/overboarder.com\/fr\/wp-json\/wp\/v2\/pages\/1113","targetHints":{"allow":["GET"]}}],"collection":[{"href":"https:\/\/overboarder.com\/fr\/wp-json\/wp\/v2\/pages"}],"about":[{"href":"https:\/\/overboarder.com\/fr\/wp-json\/wp\/v2\/types\/page"}],"author":[{"embeddable":true,"href":"https:\/\/overboarder.com\/fr\/wp-json\/wp\/v2\/users\/1"}],"replies":[{"embeddable":true,"href":"https:\/\/overboarder.com\/fr\/wp-json\/wp\/v2\/comments?post=1113"}],"version-history":[{"count":0,"href":"https:\/\/overboarder.com\/fr\/wp-json\/wp\/v2\/pages\/1113\/revisions"}],"wp:attachment":[{"href":"https:\/\/overboarder.com\/fr\/wp-json\/wp\/v2\/media?parent=1113"}],"curies":[{"name":"wp","href":"https:\/\/api.w.org\/{rel}","templated":true}]}}